{"id":586,"date":"2021-10-05T09:19:02","date_gmt":"2021-10-05T09:19:02","guid":{"rendered":"https:\/\/themexriver.com\/wp\/fastrans\/?page_id=586"},"modified":"2024-05-14T07:32:22","modified_gmt":"2024-05-14T06:32:22","slug":"details-du-projet","status":"publish","type":"page","link":"https:\/\/newdealcm.com\/fr\/details-du-projet\/","title":{"rendered":"d\u00e9tails du projet"},"content":{"rendered":"\t\t<div data-elementor-type=\"wp-page\" data-elementor-id=\"586\" class=\"elementor elementor-586\">\n\t\t\t\t\t\t<section class=\"elementor-section elementor-top-section elementor-element elementor-element-b6f3b2c elementor-section-full_width elementor-section-height-default elementor-section-height-default\" data-id=\"b6f3b2c\" data-element_type=\"section\" data-e-type=\"section\">\n\t\t\t\t\t\t<div class=\"elementor-container elementor-column-gap-default\">\n\t\t\t\t\t<div class=\"elementor-column elementor-col-100 elementor-top-column elementor-element elementor-element-d3399d3\" data-id=\"d3399d3\" data-element_type=\"column\" data-e-type=\"column\">\n\t\t\t<div class=\"elementor-widget-wrap elementor-element-populated\">\n\t\t\t\t\t\t<div class=\"elementor-element elementor-element-b3280ba elementor-widget elementor-widget-fastrans_project_details\" data-id=\"b3280ba\" data-element_type=\"widget\" data-e-type=\"widget\" data-widget_type=\"fastrans_project_details.default\">\n\t\t\t\t<div class=\"elementor-widget-container\">\n\t\t\t\t\t\t\n    <!-- Start of Project details  section\n\t============================================= -->\n\t<section id=\"ft-project-details\" class=\"ft-project-details-section page-padding\">\n\t\t<div class=\"container\">\n\t\t\t<div class=\"ft-project-overview\">\n\t\t\t\t<div class=\"row\">\n\t\t\t\t\t                    <div class=\"col-lg-8\">\n\t\t\t\t\t\t<div class=\"ft-project-details-img\">\n\t\t\t\t\t\t\t<img decoding=\"async\" src=\"https:\/\/newdealcm.com\/wp-content\/uploads\/2024\/05\/Plan-de-travail-2-100.jpg\" alt=\"Awesome Image\">\n\t\t\t\t\t\t<\/div>\n\t\t\t\t\t<\/div>\n                    \t\t\t\t\t<div class=\"col-lg-4\">\n\t\t\t\t\t\t<div class=\"ft-portfolio-overview-text headline\">\n\t\t\t\t\t\t\t                            <div class=\"project-title-overview text-center\">\n\t\t\t\t\t\t\t\t<h3>Project details<\/h3>\n\t\t\t\t\t\t\t<\/div>\n\t\t\t\t\t\t\t                            <div class=\"ft-portfolio-overview-list-value\">\n\t\t\t\t\t\t\t\t<div class=\"ft-portfolio-overview-list  ul-li-block\">\n\t\t\t\t\t\t\t\t\t<ul>\n\t\t\t\t\t\t\t\t\t\t                                        <li>Name: <span>IMMEUBLE MG<\/span><\/li>\n\t\t\t\t\t\t\t\t\t\t                                        <li>Date: <span>24 mars 2022<\/span><\/li>\n\t\t\t\t\t\t\t\t\t\t                                        <li>Author: <span>MOMHA Gerard Olivier<\/span><\/li>\n\t\t\t\t\t\t\t\t\t\t\t\t\t\t\t\t\t\t\t<\/ul>\n\t\t\t\t\t\t\t\t<\/div>\n\t\t\t\t\t\t\t\t<div class=\"ft-project-value ul-li\">\n\t\t\t\t\t\t\t\t\t<span>Valeur : $12500<\/span>\t\t\t\t\t\t\t\t\t<ul>\n\t\t\t\t\t\t\t\t\t\t<li><i class=\"fas fa-star\"><\/i><\/li><li><i class=\"fas fa-star\"><\/i><\/li><li><i class=\"fas fa-star\"><\/i><\/li><li><i class=\"fas fa-star\"><\/i><\/li><li><i class=\"fal fa-star\"><\/i>\t\t\t\t\t\t\t\t\t<\/ul>\n\t\t\t\t\t\t\t\t<\/div>\n\t\t\t\t\t\t\t<\/div>\n\t\t\t\t\t\t<\/div>\n\t\t\t\t\t<\/div>\n\t\t\t\t<\/div>\n\t\t\t<\/div>\n\t\t\t<div class=\"ft-project-overview-text-wrapper headline pera-content\">\n\t\t\t\t<h3>B\u00e2timent et Travaux Public(BTP)<\/h3>\t\t\t\t<br \/>\n<b>Warning<\/b>:  Undefined array key \"content\" in <b>\/htdocs\/wp-content\/plugins\/fastrans-plugin\/elementor\/project_details.php<\/b> on line <b>337<\/b><br \/>\n\t\t\t\t<div class=\"ft-project-overview-comment-list\">\n\t\t\t\t\t<div class=\"row\">\n\t\t\t\t\t\t\n                        <div class=\"col-lg-5\">\n\t\t\t\t\t\t\t<div class=\"ft-project-overview-list-item ul-li-block\">\n\t\t\t\t\t\t\t\t<ul>\n\t\t\t\t\t\t\t\t\t                                    <li>Les ing\u00e9nieurs que nous avons embauch\u00e9es sont des professionnelles fi\u00e8res de faire un excellent travail et de d\u00e9passer les attentes.<\/li>\n\t\t\t\t\t\t\t\t\t                                    <li>Nous examinons soigneusement tous nos ing\u00e9nieurs, vous pouvez \u00eatre assur\u00e9 que votre maison recevra la plus haute qualit\u00e9 de service absolue.<\/li>\n\t\t\t\t\t\t\t\t\t                                    <li>Votre temps est pr\u00e9cieux et nous comprenons que la r\u00e9alisation de vos maquettes n\u2019est en r\u00e9alit\u00e9 qu\u2019un \u00e9l\u00e9ment de plus sur votre liste de choses \u00e0 faire.<\/li>\n\t\t\t\t\t\t\t\t\t\t\t\t\t\t\t\t\t<\/ul>\n\t\t\t\t\t\t\t<\/div>\n\t\t\t\t\t\t<\/div>\n\t\t\t\t\t\t                        <div class=\"col-lg-7\">\n\t\t\t\t\t\t\t<div class=\"ft-project-overview-comment\">\n\t\t\t\t\t\t\t\t<div class=\"ft-project-overview-comment-wrapper d-flex align-items-center position-relative\">\n\t\t\t\t\t\t\t\t\t                                    <div class=\"ft-project-overview-comment-img\">\n\t\t\t\t\t\t\t\t\t\t<img decoding=\"async\" src=\"https:\/\/newdealcm.com\/wp-content\/uploads\/2024\/05\/ab14.png\" alt=\"Awesome Image\">\n\t\t\t\t\t\t\t\t\t<\/div>\n                                    \t\t\t\t\t\t\t\t\t<div class=\"ft-project-overview-comment-text headline\">\n\t\t\t\t\t\t\t\t\t\t\u2018\u2019Ce projet a \u00e9t\u00e9 r\u00e9aliser en \u00e9troite collaboration avec une \u00e9quipe d'ing\u00e9nieur qualifi\u00e9 pour vous garantir un confort et une s\u00e9curit\u00e9 durable \u2019\u2019\t\t\t\t\t\t\t\t\t\t<h4>MOMHA Gerard Olivier<\/h4>\t\t\t\t\t\t\t\t\t\t<span>Managing Director<\/span>\t\t\t\t\t\t\t\t\t<\/div>\n\t\t\t\t\t\t\t\t<\/div>\n\t\t\t\t\t\t\t<\/div>\n\t\t\t\t\t\t<\/div>\n                        \t\t\t\t\t<\/div>\n\t\t\t\t<\/div>\n\t\t\t<\/div>\n\t\t<\/div>\n\t<\/section>\n\t<!-- End of Project details section\n\t============================================= -->\n        \n    \t\t\t\t<\/div>\n\t\t\t\t<\/div>\n\t\t\t\t\t<\/div>\n\t\t<\/div>\n\t\t\t\t\t<\/div>\n\t\t<\/section>\n\t\t<div class=\"elementor-element elementor-element-58fa031 e-flex e-con-boxed e-con e-parent\" data-id=\"58fa031\" data-element_type=\"container\" data-e-type=\"container\">\n\t\t\t\t\t<div class=\"e-con-inner\">\n\t\t\t\t<div class=\"elementor-element elementor-element-642c2cd elementor-widget elementor-widget-heading\" data-id=\"642c2cd\" data-element_type=\"widget\" data-e-type=\"widget\" data-widget_type=\"heading.default\">\n\t\t\t\t<div class=\"elementor-widget-container\">\n\t\t\t\t\t<h3 class=\"elementor-heading-title elementor-size-default\">T\u00e9l\u00e9charger la Maquette du projet\npour en savoir un peu plus<\/h3>\t\t\t\t<\/div>\n\t\t\t\t<\/div>\n\t\t\t\t<div class=\"elementor-element elementor-element-4bcc515 elementor-widget elementor-widget-eael-image-accordion\" data-id=\"4bcc515\" data-element_type=\"widget\" data-e-type=\"widget\" data-widget_type=\"eael-image-accordion.default\">\n\t\t\t\t<div class=\"elementor-widget-container\">\n\t\t\t\t\t    <div class=\"eael-img-accordion accordion-direction-horizontal eael-img-accordion-horizontal-align-center eael-img-accordion-vertical-align-center\" id=\"eael-img-accordion-4bcc515\" data-img-accordion-id=\"4bcc515\" data-img-accordion-type=\"on-hover\">\n                    \n            <div class=\"eael-image-accordion-hover eael-image-accordion-item\" style=\"background-image: url(https:\/\/newdealcm.com\/wp-content\/uploads\/2024\/05\/imb.jpg);\"  tabindex=\"0\">\n                <div class=\"overlay\">\n                                        <div class=\"overlay-inner \">\n                                            <\/div>\n                <\/div>\n            <\/div>\n                    \n            <div class=\"eael-image-accordion-hover eael-image-accordion-item\" style=\"background-image: url(https:\/\/newdealcm.com\/wp-content\/uploads\/2024\/05\/imb2.jpg);\"  tabindex=\"0\">\n                <div class=\"overlay\">\n                                        <div class=\"overlay-inner \">\n                                            <\/div>\n                <\/div>\n            <\/div>\n                    \n            <div class=\"eael-image-accordion-hover eael-image-accordion-item\" style=\"background-image: url(https:\/\/newdealcm.com\/wp-content\/uploads\/2024\/05\/imb4.jpg);\"  tabindex=\"0\">\n                <div class=\"overlay\">\n                                        <div class=\"overlay-inner \">\n                                            <\/div>\n                <\/div>\n            <\/div>\n                    \n            <div class=\"eael-image-accordion-hover eael-image-accordion-item\" style=\"background-image: url(https:\/\/newdealcm.com\/wp-content\/uploads\/2024\/05\/imb3.jpg);\"  tabindex=\"0\">\n                <div class=\"overlay\">\n                                        <div class=\"overlay-inner \">\n                                            <\/div>\n                <\/div>\n            <\/div>\n                <\/div>\n        <style typr=\"text\/css\">\n                    #eael-img-accordion-4bcc515 .eael-image-accordion-hover:hover {\n                        flex: 3 1 0% !important;\n                    }\n                    #eael-img-accordion-4bcc515 .eael-image-accordion-hover:hover:hover .overlay-inner * {\n                        opacity: 1;\n                        visibility: visible;\n                        transform: none;\n                        transition: all .3s .3s;\n                    }\n                <\/style>\t\t\t\t<\/div>\n\t\t\t\t<\/div>\n\t\t\t\t<div class=\"elementor-element elementor-element-8f97cbc elementor-mobile-align-center elementor-widget elementor-widget-button\" data-id=\"8f97cbc\" data-element_type=\"widget\" data-e-type=\"widget\" data-widget_type=\"button.default\">\n\t\t\t\t<div class=\"elementor-widget-container\">\n\t\t\t\t\t\t\t\t\t<div class=\"elementor-button-wrapper\">\n\t\t\t\t\t<a class=\"elementor-button elementor-button-link elementor-size-sm\" href=\"https:\/\/newdealcm.com\/contact\/\">\n\t\t\t\t\t\t<span class=\"elementor-button-content-wrapper\">\n\t\t\t\t\t\t<span class=\"elementor-button-icon\">\n\t\t\t\t<svg aria-hidden=\"true\" class=\"e-font-icon-svg e-far-file-pdf\" viewBox=\"0 0 384 512\" xmlns=\"http:\/\/www.w3.org\/2000\/svg\"><path d=\"M369.9 97.9L286 14C277 5 264.8-.1 252.1-.1H48C21.5 0 0 21.5 0 48v416c0 26.5 21.5 48 48 48h288c26.5 0 48-21.5 48-48V131.9c0-12.7-5.1-25-14.1-34zM332.1 128H256V51.9l76.1 76.1zM48 464V48h160v104c0 13.3 10.7 24 24 24h104v288H48zm250.2-143.7c-12.2-12-47-8.7-64.4-6.5-17.2-10.5-28.7-25-36.8-46.3 3.9-16.1 10.1-40.6 5.4-56-4.2-26.2-37.8-23.6-42.6-5.9-4.4 16.1-.4 38.5 7 67.1-10 23.9-24.9 56-35.4 74.4-20 10.3-47 26.2-51 46.2-3.3 15.8 26 55.2 76.1-31.2 22.4-7.4 46.8-16.5 68.4-20.1 18.9 10.2 41 17 55.8 17 25.5 0 28-28.2 17.5-38.7zm-198.1 77.8c5.1-13.7 24.5-29.5 30.4-35-19 30.3-30.4 35.7-30.4 35zm81.6-190.6c7.4 0 6.7 32.1 1.8 40.8-4.4-13.9-4.3-40.8-1.8-40.8zm-24.4 136.6c9.7-16.9 18-37 24.7-54.7 8.3 15.1 18.9 27.2 30.1 35.5-20.8 4.3-38.9 13.1-54.8 19.2zm131.6-5s-5 6-37.3-7.8c35.1-2.6 40.9 5.4 37.3 7.8z\"><\/path><\/svg>\t\t\t<\/span>\n\t\t\t\t\t\t\t\t\t<span class=\"elementor-button-text\">T\u00e9l\u00e9charger<\/span>\n\t\t\t\t\t<\/span>\n\t\t\t\t\t<\/a>\n\t\t\t\t<\/div>\n\t\t\t\t\t\t\t\t<\/div>\n\t\t\t\t<\/div>\n\t\t\t\t\t<\/div>\n\t\t\t\t<\/div>\n\t\t<div class=\"elementor-element elementor-element-77e27be e-flex e-con-boxed e-con e-parent\" data-id=\"77e27be\" data-element_type=\"container\" data-e-type=\"container\">\n\t\t\t\t\t<div class=\"e-con-inner\">\n\t\t\t\t<div class=\"elementor-element elementor-element-d846a32 elementor-widget elementor-widget-spacer\" data-id=\"d846a32\" data-element_type=\"widget\" data-e-type=\"widget\" data-widget_type=\"spacer.default\">\n\t\t\t\t<div class=\"elementor-widget-container\">\n\t\t\t\t\t\t\t<div class=\"elementor-spacer\">\n\t\t\t<div class=\"elementor-spacer-inner\"><\/div>\n\t\t<\/div>\n\t\t\t\t\t\t<\/div>\n\t\t\t\t<\/div>\n\t\t\t\t\t<\/div>\n\t\t\t\t<\/div>\n\t\t\t\t<\/div>\n\t\t","protected":false},"excerpt":{"rendered":"<p>Project details Name: IMMEUBLE MG Date: 24 mars 2022 Author: MOMHA Gerard Olivier Valeur : $12500 B\u00e2timent et Travaux Public(BTP) Les ing\u00e9nieurs que nous avons embauch\u00e9es sont des professionnelles fi\u00e8res de faire un excellent travail et de d\u00e9passer les attentes. Nous examinons soigneusement tous nos ing\u00e9nieurs, vous pouvez \u00eatre assur\u00e9 que votre maison recevra la [&hellip;]<\/p>\n","protected":false},"author":1,"featured_media":0,"parent":0,"menu_order":0,"comment_status":"closed","ping_status":"closed","template":"tpl-default-elementor.php","meta":{"_eb_attr":"","footnotes":""},"class_list":["post-586","page","type-page","status-publish","hentry"],"yoast_head":"<!-- This site is optimized with the Yoast SEO plugin v27.3 - https:\/\/yoast.com\/product\/yoast-seo-wordpress\/ -->\n<title>d\u00e9tails du projet | Newdeal<\/title>\n<meta name=\"robots\" content=\"index, follow, max-snippet:-1, max-image-preview:large, max-video-preview:-1\" \/>\n<link rel=\"canonical\" href=\"https:\/\/newdealcm.com\/fr\/details-du-projet\/\" \/>\n<meta property=\"og:locale\" content=\"fr_FR\" \/>\n<meta property=\"og:type\" content=\"article\" \/>\n<meta property=\"og:title\" content=\"d\u00e9tails du projet | Newdeal\" \/>\n<meta property=\"og:description\" content=\"Project details Name: IMMEUBLE MG Date: 24 mars 2022 Author: MOMHA Gerard Olivier Valeur : $12500 B\u00e2timent et Travaux Public(BTP) Les ing\u00e9nieurs que nous avons embauch\u00e9es sont des professionnelles fi\u00e8res de faire un excellent travail et de d\u00e9passer les attentes. Nous examinons soigneusement tous nos ing\u00e9nieurs, vous pouvez \u00eatre assur\u00e9 que votre maison recevra la [&hellip;]\" \/>\n<meta property=\"og:url\" content=\"https:\/\/newdealcm.com\/fr\/details-du-projet\/\" \/>\n<meta property=\"og:site_name\" content=\"Newdeal\" \/>\n<meta property=\"article:modified_time\" content=\"2024-05-14T06:32:22+00:00\" \/>\n<meta property=\"og:image\" content=\"https:\/\/newdealcm.com\/wp-content\/uploads\/2024\/05\/Plan-de-travail-2-100.jpg\" \/>\n<meta name=\"twitter:card\" content=\"summary_large_image\" \/>\n<meta name=\"twitter:label1\" content=\"Dur\u00e9e de lecture estim\u00e9e\" \/>\n\t<meta name=\"twitter:data1\" content=\"2 minutes\" \/>\n<script type=\"application\/ld+json\" class=\"yoast-schema-graph\">{\"@context\":\"https:\\\/\\\/schema.org\",\"@graph\":[{\"@type\":\"WebPage\",\"@id\":\"https:\\\/\\\/newdealcm.com\\\/details-du-projet\\\/\",\"url\":\"https:\\\/\\\/newdealcm.com\\\/details-du-projet\\\/\",\"name\":\"d\u00e9tails du projet | Newdeal\",\"isPartOf\":{\"@id\":\"https:\\\/\\\/newdealcm.com\\\/#website\"},\"primaryImageOfPage\":{\"@id\":\"https:\\\/\\\/newdealcm.com\\\/details-du-projet\\\/#primaryimage\"},\"image\":{\"@id\":\"https:\\\/\\\/newdealcm.com\\\/details-du-projet\\\/#primaryimage\"},\"thumbnailUrl\":\"https:\\\/\\\/newdealcm.com\\\/wp-content\\\/uploads\\\/2024\\\/05\\\/Plan-de-travail-2-100.jpg\",\"datePublished\":\"2021-10-05T09:19:02+00:00\",\"dateModified\":\"2024-05-14T06:32:22+00:00\",\"breadcrumb\":{\"@id\":\"https:\\\/\\\/newdealcm.com\\\/details-du-projet\\\/#breadcrumb\"},\"inLanguage\":\"fr-FR\",\"potentialAction\":[{\"@type\":\"ReadAction\",\"target\":[\"https:\\\/\\\/newdealcm.com\\\/details-du-projet\\\/\"]}]},{\"@type\":\"ImageObject\",\"inLanguage\":\"fr-FR\",\"@id\":\"https:\\\/\\\/newdealcm.com\\\/details-du-projet\\\/#primaryimage\",\"url\":\"https:\\\/\\\/newdealcm.com\\\/wp-content\\\/uploads\\\/2024\\\/05\\\/Plan-de-travail-2-100.jpg\",\"contentUrl\":\"https:\\\/\\\/newdealcm.com\\\/wp-content\\\/uploads\\\/2024\\\/05\\\/Plan-de-travail-2-100.jpg\"},{\"@type\":\"BreadcrumbList\",\"@id\":\"https:\\\/\\\/newdealcm.com\\\/details-du-projet\\\/#breadcrumb\",\"itemListElement\":[{\"@type\":\"ListItem\",\"position\":1,\"name\":\"Accueil\",\"item\":\"https:\\\/\\\/newdealcm.com\\\/\"},{\"@type\":\"ListItem\",\"position\":2,\"name\":\"d\u00e9tails du projet\"}]},{\"@type\":\"WebSite\",\"@id\":\"https:\\\/\\\/newdealcm.com\\\/#website\",\"url\":\"https:\\\/\\\/newdealcm.com\\\/\",\"name\":\"Newdeal\",\"description\":\"Votre Partenaire de Confiance pour des Solutions Innovantes\",\"publisher\":{\"@id\":\"https:\\\/\\\/newdealcm.com\\\/#organization\"},\"potentialAction\":[{\"@type\":\"SearchAction\",\"target\":{\"@type\":\"EntryPoint\",\"urlTemplate\":\"https:\\\/\\\/newdealcm.com\\\/?s={search_term_string}\"},\"query-input\":{\"@type\":\"PropertyValueSpecification\",\"valueRequired\":true,\"valueName\":\"search_term_string\"}}],\"inLanguage\":\"fr-FR\"},{\"@type\":\"Organization\",\"@id\":\"https:\\\/\\\/newdealcm.com\\\/#organization\",\"name\":\"Newdeal\",\"url\":\"https:\\\/\\\/newdealcm.com\\\/\",\"logo\":{\"@type\":\"ImageObject\",\"inLanguage\":\"fr-FR\",\"@id\":\"https:\\\/\\\/newdealcm.com\\\/#\\\/schema\\\/logo\\\/image\\\/\",\"url\":\"https:\\\/\\\/newdealcm.com\\\/wp-content\\\/uploads\\\/2024\\\/04\\\/cropped-1.png\",\"contentUrl\":\"https:\\\/\\\/newdealcm.com\\\/wp-content\\\/uploads\\\/2024\\\/04\\\/cropped-1.png\",\"width\":250,\"height\":250,\"caption\":\"Newdeal\"},\"image\":{\"@id\":\"https:\\\/\\\/newdealcm.com\\\/#\\\/schema\\\/logo\\\/image\\\/\"}}]}<\/script>\n<!-- \/ Yoast SEO plugin. -->","yoast_head_json":{"title":"d\u00e9tails du projet | Newdeal","robots":{"index":"index","follow":"follow","max-snippet":"max-snippet:-1","max-image-preview":"max-image-preview:large","max-video-preview":"max-video-preview:-1"},"canonical":"https:\/\/newdealcm.com\/fr\/details-du-projet\/","og_locale":"fr_FR","og_type":"article","og_title":"d\u00e9tails du projet | Newdeal","og_description":"Project details Name: IMMEUBLE MG Date: 24 mars 2022 Author: MOMHA Gerard Olivier Valeur : $12500 B\u00e2timent et Travaux Public(BTP) Les ing\u00e9nieurs que nous avons embauch\u00e9es sont des professionnelles fi\u00e8res de faire un excellent travail et de d\u00e9passer les attentes. Nous examinons soigneusement tous nos ing\u00e9nieurs, vous pouvez \u00eatre assur\u00e9 que votre maison recevra la [&hellip;]","og_url":"https:\/\/newdealcm.com\/fr\/details-du-projet\/","og_site_name":"Newdeal","article_modified_time":"2024-05-14T06:32:22+00:00","og_image":[{"url":"https:\/\/newdealcm.com\/wp-content\/uploads\/2024\/05\/Plan-de-travail-2-100.jpg","type":"","width":"","height":""}],"twitter_card":"summary_large_image","twitter_misc":{"Dur\u00e9e de lecture estim\u00e9e":"2 minutes"},"schema":{"@context":"https:\/\/schema.org","@graph":[{"@type":"WebPage","@id":"https:\/\/newdealcm.com\/details-du-projet\/","url":"https:\/\/newdealcm.com\/details-du-projet\/","name":"d\u00e9tails du projet | Newdeal","isPartOf":{"@id":"https:\/\/newdealcm.com\/#website"},"primaryImageOfPage":{"@id":"https:\/\/newdealcm.com\/details-du-projet\/#primaryimage"},"image":{"@id":"https:\/\/newdealcm.com\/details-du-projet\/#primaryimage"},"thumbnailUrl":"https:\/\/newdealcm.com\/wp-content\/uploads\/2024\/05\/Plan-de-travail-2-100.jpg","datePublished":"2021-10-05T09:19:02+00:00","dateModified":"2024-05-14T06:32:22+00:00","breadcrumb":{"@id":"https:\/\/newdealcm.com\/details-du-projet\/#breadcrumb"},"inLanguage":"fr-FR","potentialAction":[{"@type":"ReadAction","target":["https:\/\/newdealcm.com\/details-du-projet\/"]}]},{"@type":"ImageObject","inLanguage":"fr-FR","@id":"https:\/\/newdealcm.com\/details-du-projet\/#primaryimage","url":"https:\/\/newdealcm.com\/wp-content\/uploads\/2024\/05\/Plan-de-travail-2-100.jpg","contentUrl":"https:\/\/newdealcm.com\/wp-content\/uploads\/2024\/05\/Plan-de-travail-2-100.jpg"},{"@type":"BreadcrumbList","@id":"https:\/\/newdealcm.com\/details-du-projet\/#breadcrumb","itemListElement":[{"@type":"ListItem","position":1,"name":"Accueil","item":"https:\/\/newdealcm.com\/"},{"@type":"ListItem","position":2,"name":"d\u00e9tails du projet"}]},{"@type":"WebSite","@id":"https:\/\/newdealcm.com\/#website","url":"https:\/\/newdealcm.com\/","name":"Newdeal","description":"Votre Partenaire de Confiance pour des Solutions Innovantes","publisher":{"@id":"https:\/\/newdealcm.com\/#organization"},"potentialAction":[{"@type":"SearchAction","target":{"@type":"EntryPoint","urlTemplate":"https:\/\/newdealcm.com\/?s={search_term_string}"},"query-input":{"@type":"PropertyValueSpecification","valueRequired":true,"valueName":"search_term_string"}}],"inLanguage":"fr-FR"},{"@type":"Organization","@id":"https:\/\/newdealcm.com\/#organization","name":"Newdeal","url":"https:\/\/newdealcm.com\/","logo":{"@type":"ImageObject","inLanguage":"fr-FR","@id":"https:\/\/newdealcm.com\/#\/schema\/logo\/image\/","url":"https:\/\/newdealcm.com\/wp-content\/uploads\/2024\/04\/cropped-1.png","contentUrl":"https:\/\/newdealcm.com\/wp-content\/uploads\/2024\/04\/cropped-1.png","width":250,"height":250,"caption":"Newdeal"},"image":{"@id":"https:\/\/newdealcm.com\/#\/schema\/logo\/image\/"}}]}},"_links":{"self":[{"href":"https:\/\/newdealcm.com\/fr\/wp-json\/wp\/v2\/pages\/586","targetHints":{"allow":["GET"]}}],"collection":[{"href":"https:\/\/newdealcm.com\/fr\/wp-json\/wp\/v2\/pages"}],"about":[{"href":"https:\/\/newdealcm.com\/fr\/wp-json\/wp\/v2\/types\/page"}],"author":[{"embeddable":true,"href":"https:\/\/newdealcm.com\/fr\/wp-json\/wp\/v2\/users\/1"}],"replies":[{"embeddable":true,"href":"https:\/\/newdealcm.com\/fr\/wp-json\/wp\/v2\/comments?post=586"}],"version-history":[{"count":1,"href":"https:\/\/newdealcm.com\/fr\/wp-json\/wp\/v2\/pages\/586\/revisions"}],"predecessor-version":[{"id":3186,"href":"https:\/\/newdealcm.com\/fr\/wp-json\/wp\/v2\/pages\/586\/revisions\/3186"}],"wp:attachment":[{"href":"https:\/\/newdealcm.com\/fr\/wp-json\/wp\/v2\/media?parent=586"}],"curies":[{"name":"wp","href":"https:\/\/api.w.org\/{rel}","templated":true}]}}