{"id":3375,"date":"2024-05-16T10:12:00","date_gmt":"2024-05-16T09:12:00","guid":{"rendered":"https:\/\/newdealcm.com\/?page_id=3375"},"modified":"2024-05-16T10:53:05","modified_gmt":"2024-05-16T09:53:05","slug":"services-prestations","status":"publish","type":"page","link":"https:\/\/newdealcm.com\/fr\/services-prestations\/","title":{"rendered":"Services \u2013 Prestations"},"content":{"rendered":"\t\t<div data-elementor-type=\"wp-page\" data-elementor-id=\"3375\" class=\"elementor elementor-3375\">\n\t\t\t\t\t\t<section class=\"elementor-section elementor-top-section elementor-element elementor-element-00a6dc4 elementor-section-full_width elementor-section-height-default elementor-section-height-default\" data-id=\"00a6dc4\" data-element_type=\"section\" data-e-type=\"section\">\n\t\t\t\t\t\t<div class=\"elementor-container elementor-column-gap-default\">\n\t\t\t\t\t<div class=\"elementor-column elementor-col-100 elementor-top-column elementor-element elementor-element-282a6f3\" data-id=\"282a6f3\" data-element_type=\"column\" data-e-type=\"column\">\n\t\t\t<div class=\"elementor-widget-wrap elementor-element-populated\">\n\t\t\t\t\t\t<div class=\"elementor-element elementor-element-7de0267 elementor-widget elementor-widget-fastrans_service_details\" data-id=\"7de0267\" data-element_type=\"widget\" data-e-type=\"widget\" data-widget_type=\"fastrans_service_details.default\">\n\t\t\t\t<div class=\"elementor-widget-container\">\n\t\t\t\t\t\t\n    <!-- Start of Service details section\n\t============================================= -->\n\t<section id=\"ft-service-details\" class=\"ft-service-details-section page-padding\">\n\t\t<div class=\"container\">\n\t\t\t<div class=\"ft-service-details-content\">\n\t\t\t\t<div class=\"row\">\n\t\t\t\t\t                    <div class=\"col-lg-4\">\n\t\t\t\t\t\t<div class=\"ft-service-sidebar\">\n                        \t<div id=\"fastrans_service_sidebar-1\" class=\"service-widget sidebar-widget widget_fastrans_service_sidebar\">\t\t\n        <!-- Instagram Widget -->\n        <div class=\"ft-service-sidebar-widget headline ul-li-block\">\n            <div class=\"service-category-widget\">\n                <h3 class=\"widget-title\">Services<\/h3>                <ul>\n\t\t\t\t        \n           \t<!-- Title -->\n                        <li><a href=\"https:\/\/newdealcm.com\/negoce\/\">N\u00e9goce<\/a><\/li>\n                        <li><a href=\"https:\/\/newdealcm.com\/conseils\/\">Conseils<\/a><\/li>\n                        <li><a href=\"https:\/\/newdealcm.com\/representation\/\">Repr\u00e9sentation<\/a><\/li>\n                        <li><a href=\"https:\/\/newdealcm.com\/services-prestations\/\">Services \/ Prestations<\/a><\/li>\n                        <li><a href=\"https:\/\/newdealcm.com\/details-du-projet\/\">B\u00e2timent et travaux publics (BTP)<\/a><\/li>\n                        <li><a href=\"https:\/\/newdealcm.com\/import-export-supply-chain\/\">Import\/Export SUPPLY CHAIN<\/a><\/li>\n                            \n                        <\/ul>\n            <\/div>\n        <\/div>\n        \n        <\/div><div id=\"fastrans_support_form-1\" class=\"service-widget sidebar-widget widget_fastrans_support_form\">      \t\t\n\t\t\t<div class=\"ft-service-sidebar-widget headline ul-li-block\">\n                <div class=\"service-form-widget\">\n                    <h3 class=\"widget-title text-uppercase\">ASSISTANCE EN LIGNE 24h\/24 et 7j\/7<\/h3>                                        <p>Obtenez des devis imm\u00e9diats et l'exp\u00e9dition.<\/p>\n                                        \n<div class=\"wpcf7 no-js\" id=\"wpcf7-f514-o1\" lang=\"en-US\" dir=\"ltr\" data-wpcf7-id=\"514\">\n<div class=\"screen-reader-response\"><p role=\"status\" aria-live=\"polite\" aria-atomic=\"true\"><\/p> <ul><\/ul><\/div>\n<form action=\"\/fr\/wp-json\/wp\/v2\/pages\/3375#wpcf7-f514-o1\" method=\"post\" class=\"wpcf7-form init\" aria-label=\"Contact form\" novalidate=\"novalidate\" data-status=\"init\">\n<fieldset class=\"hidden-fields-container\"><input type=\"hidden\" name=\"_wpcf7\" value=\"514\" \/><input type=\"hidden\" name=\"_wpcf7_version\" value=\"6.1.5\" \/><input type=\"hidden\" name=\"_wpcf7_locale\" value=\"en_US\" \/><input type=\"hidden\" name=\"_wpcf7_unit_tag\" value=\"wpcf7-f514-o1\" \/><input type=\"hidden\" name=\"_wpcf7_container_post\" value=\"0\" \/><input type=\"hidden\" name=\"_wpcf7_posted_data_hash\" value=\"\" \/><input type=\"hidden\" name=\"_wpcf7_recaptcha_response\" value=\"\" \/>\n<\/fieldset>\n<p><span class=\"wpcf7-form-control-wrap\" data-name=\"text-256\"><input size=\"40\" maxlength=\"400\" class=\"wpcf7-form-control wpcf7-text wpcf7-validates-as-required\" aria-required=\"true\" aria-invalid=\"false\" placeholder=\"Votre nom\" value=\"\" type=\"text\" name=\"text-256\" \/><\/span><br \/>\n<span class=\"wpcf7-form-control-wrap\" data-name=\"email-466\"><input size=\"40\" maxlength=\"400\" class=\"wpcf7-form-control wpcf7-email wpcf7-validates-as-required wpcf7-text wpcf7-validates-as-email\" aria-required=\"true\" aria-invalid=\"false\" placeholder=\"Email\" value=\"\" type=\"email\" name=\"email-466\" \/><\/span><br \/>\n<span class=\"wpcf7-form-control-wrap\" data-name=\"textarea-867\"><textarea cols=\"40\" rows=\"10\" maxlength=\"2000\" class=\"wpcf7-form-control wpcf7-textarea\" aria-invalid=\"false\" placeholder=\"Votre question ici\" name=\"textarea-867\"><\/textarea><\/span><br \/>\n<button>Contacter maintenant<\/button>\n<\/p><div class=\"wpcf7-response-output\" aria-hidden=\"true\"><\/div>\n<\/form>\n<\/div>\n                <\/div>\n            <\/div>\n              \n        <\/div><div id=\"fastrans_download_brochure-1\" class=\"service-widget sidebar-widget widget_fastrans_download_brochure\">      \t\t\n\t\t<div class=\"ft-service-sidebar-widget headline ul-li-block\">\n            <div class=\"service-download-widget\">\n                <h3 class=\"widget-title\">T\u00e9l\u00e9charger maintenant<\/h3>                <ul>\n                                        <li><a target=\"_blank\" href=\"#\">Rapport d'entreprise -2021 <i class=\"far fa-file-pdf\"><\/i><\/a><\/li>\n                                                            <li><a target=\"_blank\" href=\"#\">Rapport d'entreprise -2022 <i class=\"far fa-file-pdf\"><\/i><\/a><\/li>\n                                    <\/ul>\n            <\/div>\n        <\/div>\n                             \n        <\/div>\t\t\t\t\t\t<\/div>\n\t\t\t\t\t<\/div>\n\t\t\t\t\t                    <div class=\"col-lg-8\">\n\t\t\t\t\t\t<div class=\"ft-service-details-content-wrapper headline pera-content\">\n\t\t\t\t\t\t\t<div class=\"ft-service-details-img-wrapper\">\n\t\t\t\t\t\t\t\t<div class=\"row\">\n\t\t\t\t\t\t\t\t\t                                    <div class=\"col-md-6\">\n\t\t\t\t\t\t\t\t\t\t<div class=\"ft-service-details-img\">\n\t\t\t\t\t\t\t\t\t\t\t<img decoding=\"async\" src=\"https:\/\/newdealcm.com\/wp-content\/uploads\/2024\/05\/33@4x-100.jpg\" alt=\"Awesome Image\">\n\t\t\t\t\t\t\t\t\t\t<\/div>\n\t\t\t\t\t\t\t\t\t<\/div>\n                                                                        \t\t\t\t\t\t\t\t\t<div class=\"col-md-6\">\n\t\t\t\t\t\t\t\t\t\t                                        <div class=\"ft-service-details-img\">\n\t\t\t\t\t\t\t\t\t\t\t<img decoding=\"async\" src=\"https:\/\/newdealcm.com\/wp-content\/uploads\/2024\/05\/31@4x-100.jpg\" alt=\"Awesome Image\">\n\t\t\t\t\t\t\t\t\t\t<\/div>\n                                                                                \t\t\t\t\t\t\t\t\t\t<div class=\"ft-service-details-img\">\n\t\t\t\t\t\t\t\t\t\t\t<img decoding=\"async\" src=\"https:\/\/newdealcm.com\/wp-content\/uploads\/2024\/05\/38@4x-100.jpg\" alt=\"Awesome Image\">\n\t\t\t\t\t\t\t\t\t\t<\/div>\n                                        \t\t\t\t\t\t\t\t\t<\/div>\n                                    \t\t\t\t\t\t\t\t<\/div>\n\t\t\t\t\t\t\t<\/div>\n\t\t\t\t\t\t\t<div class=\"ft-service-details-text-wrapper\">\n\t\t\t\t\t\t\t\t<h3>Services \u2013 Prestations<\/h3> \t\t\t\t\t\t\t\t\n\t\t\t\t\t\t\t\t<p>Nous nous assurant de votre visite et s\u00e9jour au Cameroun, Assistance visa, R\u00e9sidence, Booking h\u00f4tel, location de v\u00e9hicules, voyage touristique...etc.<\/p><br>\n\t\t\t\t\t\t\t\t\n\t\t\t\t\t\t\t\t\t\t\t\t\t\t\t\t                                \t\t\t\t\t\t\t\t    \t\n\t\t\t\t\t\t\t<\/div>\n\t\t\t\t\t\t<\/div>\n\t\t\t\t\t<\/div>\n\t\t\t\t<\/div>\n\t\t\t<\/div>\n\t\t<\/div>\n\t<\/section>\t\n\t<!-- End of Service details section\n\t============================================= -->\n    \n    \t\t\t\t<\/div>\n\t\t\t\t<\/div>\n\t\t\t\t\t<\/div>\n\t\t<\/div>\n\t\t\t\t\t<\/div>\n\t\t<\/section>\n\t\t\t\t<\/div>\n\t\t","protected":false},"excerpt":{"rendered":"<p>Services N\u00e9goce Conseils Repr\u00e9sentation Services \/ Prestations B\u00e2timent et travaux publics (BTP) Import\/Export SUPPLY CHAIN ASSISTANCE EN LIGNE 24h\/24 et 7j\/7 Obtenez des devis imm\u00e9diats et l&rsquo;exp\u00e9dition. Contacter maintenant T\u00e9l\u00e9charger maintenant Rapport d&rsquo;entreprise -2021 Rapport d&rsquo;entreprise -2022 Services \u2013 Prestations Nous nous assurant de votre visite et s\u00e9jour au Cameroun, Assistance visa, R\u00e9sidence, Booking h\u00f4tel, [&hellip;]<\/p>\n","protected":false},"author":1,"featured_media":0,"parent":0,"menu_order":0,"comment_status":"closed","ping_status":"closed","template":"tpl-default-elementor.php","meta":{"_eb_attr":"","footnotes":""},"class_list":["post-3375","page","type-page","status-publish","hentry"],"yoast_head":"<!-- This site is optimized with the Yoast SEO plugin v27.3 - https:\/\/yoast.com\/product\/yoast-seo-wordpress\/ -->\n<title>Services \u2013 Prestations | Newdeal<\/title>\n<meta name=\"robots\" content=\"index, follow, max-snippet:-1, max-image-preview:large, max-video-preview:-1\" \/>\n<link rel=\"canonical\" href=\"https:\/\/newdealcm.com\/fr\/services-prestations\/\" \/>\n<meta property=\"og:locale\" content=\"fr_FR\" \/>\n<meta property=\"og:type\" content=\"article\" \/>\n<meta property=\"og:title\" content=\"Services \u2013 Prestations | Newdeal\" \/>\n<meta property=\"og:description\" content=\"Services N\u00e9goce Conseils Repr\u00e9sentation Services \/ Prestations B\u00e2timent et travaux publics (BTP) Import\/Export SUPPLY CHAIN ASSISTANCE EN LIGNE 24h\/24 et 7j\/7 Obtenez des devis imm\u00e9diats et l&rsquo;exp\u00e9dition. Contacter maintenant T\u00e9l\u00e9charger maintenant Rapport d&rsquo;entreprise -2021 Rapport d&rsquo;entreprise -2022 Services \u2013 Prestations Nous nous assurant de votre visite et s\u00e9jour au Cameroun, Assistance visa, R\u00e9sidence, Booking h\u00f4tel, [&hellip;]\" \/>\n<meta property=\"og:url\" content=\"https:\/\/newdealcm.com\/fr\/services-prestations\/\" \/>\n<meta property=\"og:site_name\" content=\"Newdeal\" \/>\n<meta property=\"article:modified_time\" content=\"2024-05-16T09:53:05+00:00\" \/>\n<meta property=\"og:image\" content=\"https:\/\/newdealcm.com\/wp-content\/uploads\/2024\/05\/33@4x-100.jpg\" \/>\n<meta name=\"twitter:card\" content=\"summary_large_image\" \/>\n<meta name=\"twitter:label1\" content=\"Dur\u00e9e de lecture estim\u00e9e\" \/>\n\t<meta name=\"twitter:data1\" content=\"2 minutes\" \/>\n<script type=\"application\/ld+json\" class=\"yoast-schema-graph\">{\"@context\":\"https:\\\/\\\/schema.org\",\"@graph\":[{\"@type\":\"WebPage\",\"@id\":\"https:\\\/\\\/newdealcm.com\\\/services-prestations\\\/\",\"url\":\"https:\\\/\\\/newdealcm.com\\\/services-prestations\\\/\",\"name\":\"Services \u2013 Prestations | Newdeal\",\"isPartOf\":{\"@id\":\"https:\\\/\\\/newdealcm.com\\\/#website\"},\"primaryImageOfPage\":{\"@id\":\"https:\\\/\\\/newdealcm.com\\\/services-prestations\\\/#primaryimage\"},\"image\":{\"@id\":\"https:\\\/\\\/newdealcm.com\\\/services-prestations\\\/#primaryimage\"},\"thumbnailUrl\":\"https:\\\/\\\/newdealcm.com\\\/wp-content\\\/uploads\\\/2024\\\/05\\\/33@4x-100.jpg\",\"datePublished\":\"2024-05-16T09:12:00+00:00\",\"dateModified\":\"2024-05-16T09:53:05+00:00\",\"breadcrumb\":{\"@id\":\"https:\\\/\\\/newdealcm.com\\\/services-prestations\\\/#breadcrumb\"},\"inLanguage\":\"fr-FR\",\"potentialAction\":[{\"@type\":\"ReadAction\",\"target\":[\"https:\\\/\\\/newdealcm.com\\\/services-prestations\\\/\"]}]},{\"@type\":\"ImageObject\",\"inLanguage\":\"fr-FR\",\"@id\":\"https:\\\/\\\/newdealcm.com\\\/services-prestations\\\/#primaryimage\",\"url\":\"https:\\\/\\\/newdealcm.com\\\/wp-content\\\/uploads\\\/2024\\\/05\\\/33@4x-100.jpg\",\"contentUrl\":\"https:\\\/\\\/newdealcm.com\\\/wp-content\\\/uploads\\\/2024\\\/05\\\/33@4x-100.jpg\"},{\"@type\":\"BreadcrumbList\",\"@id\":\"https:\\\/\\\/newdealcm.com\\\/services-prestations\\\/#breadcrumb\",\"itemListElement\":[{\"@type\":\"ListItem\",\"position\":1,\"name\":\"Accueil\",\"item\":\"https:\\\/\\\/newdealcm.com\\\/\"},{\"@type\":\"ListItem\",\"position\":2,\"name\":\"Services \u2013 Prestations\"}]},{\"@type\":\"WebSite\",\"@id\":\"https:\\\/\\\/newdealcm.com\\\/#website\",\"url\":\"https:\\\/\\\/newdealcm.com\\\/\",\"name\":\"Newdeal\",\"description\":\"Votre Partenaire de Confiance pour des Solutions Innovantes\",\"publisher\":{\"@id\":\"https:\\\/\\\/newdealcm.com\\\/#organization\"},\"potentialAction\":[{\"@type\":\"SearchAction\",\"target\":{\"@type\":\"EntryPoint\",\"urlTemplate\":\"https:\\\/\\\/newdealcm.com\\\/?s={search_term_string}\"},\"query-input\":{\"@type\":\"PropertyValueSpecification\",\"valueRequired\":true,\"valueName\":\"search_term_string\"}}],\"inLanguage\":\"fr-FR\"},{\"@type\":\"Organization\",\"@id\":\"https:\\\/\\\/newdealcm.com\\\/#organization\",\"name\":\"Newdeal\",\"url\":\"https:\\\/\\\/newdealcm.com\\\/\",\"logo\":{\"@type\":\"ImageObject\",\"inLanguage\":\"fr-FR\",\"@id\":\"https:\\\/\\\/newdealcm.com\\\/#\\\/schema\\\/logo\\\/image\\\/\",\"url\":\"https:\\\/\\\/newdealcm.com\\\/wp-content\\\/uploads\\\/2024\\\/04\\\/cropped-1.png\",\"contentUrl\":\"https:\\\/\\\/newdealcm.com\\\/wp-content\\\/uploads\\\/2024\\\/04\\\/cropped-1.png\",\"width\":250,\"height\":250,\"caption\":\"Newdeal\"},\"image\":{\"@id\":\"https:\\\/\\\/newdealcm.com\\\/#\\\/schema\\\/logo\\\/image\\\/\"}}]}<\/script>\n<!-- \/ Yoast SEO plugin. -->","yoast_head_json":{"title":"Services \u2013 Prestations | Newdeal","robots":{"index":"index","follow":"follow","max-snippet":"max-snippet:-1","max-image-preview":"max-image-preview:large","max-video-preview":"max-video-preview:-1"},"canonical":"https:\/\/newdealcm.com\/fr\/services-prestations\/","og_locale":"fr_FR","og_type":"article","og_title":"Services \u2013 Prestations | Newdeal","og_description":"Services N\u00e9goce Conseils Repr\u00e9sentation Services \/ Prestations B\u00e2timent et travaux publics (BTP) Import\/Export SUPPLY CHAIN ASSISTANCE EN LIGNE 24h\/24 et 7j\/7 Obtenez des devis imm\u00e9diats et l&rsquo;exp\u00e9dition. Contacter maintenant T\u00e9l\u00e9charger maintenant Rapport d&rsquo;entreprise -2021 Rapport d&rsquo;entreprise -2022 Services \u2013 Prestations Nous nous assurant de votre visite et s\u00e9jour au Cameroun, Assistance visa, R\u00e9sidence, Booking h\u00f4tel, [&hellip;]","og_url":"https:\/\/newdealcm.com\/fr\/services-prestations\/","og_site_name":"Newdeal","article_modified_time":"2024-05-16T09:53:05+00:00","og_image":[{"url":"https:\/\/newdealcm.com\/wp-content\/uploads\/2024\/05\/33@4x-100.jpg","type":"","width":"","height":""}],"twitter_card":"summary_large_image","twitter_misc":{"Dur\u00e9e de lecture estim\u00e9e":"2 minutes"},"schema":{"@context":"https:\/\/schema.org","@graph":[{"@type":"WebPage","@id":"https:\/\/newdealcm.com\/services-prestations\/","url":"https:\/\/newdealcm.com\/services-prestations\/","name":"Services \u2013 Prestations | Newdeal","isPartOf":{"@id":"https:\/\/newdealcm.com\/#website"},"primaryImageOfPage":{"@id":"https:\/\/newdealcm.com\/services-prestations\/#primaryimage"},"image":{"@id":"https:\/\/newdealcm.com\/services-prestations\/#primaryimage"},"thumbnailUrl":"https:\/\/newdealcm.com\/wp-content\/uploads\/2024\/05\/33@4x-100.jpg","datePublished":"2024-05-16T09:12:00+00:00","dateModified":"2024-05-16T09:53:05+00:00","breadcrumb":{"@id":"https:\/\/newdealcm.com\/services-prestations\/#breadcrumb"},"inLanguage":"fr-FR","potentialAction":[{"@type":"ReadAction","target":["https:\/\/newdealcm.com\/services-prestations\/"]}]},{"@type":"ImageObject","inLanguage":"fr-FR","@id":"https:\/\/newdealcm.com\/services-prestations\/#primaryimage","url":"https:\/\/newdealcm.com\/wp-content\/uploads\/2024\/05\/33@4x-100.jpg","contentUrl":"https:\/\/newdealcm.com\/wp-content\/uploads\/2024\/05\/33@4x-100.jpg"},{"@type":"BreadcrumbList","@id":"https:\/\/newdealcm.com\/services-prestations\/#breadcrumb","itemListElement":[{"@type":"ListItem","position":1,"name":"Accueil","item":"https:\/\/newdealcm.com\/"},{"@type":"ListItem","position":2,"name":"Services \u2013 Prestations"}]},{"@type":"WebSite","@id":"https:\/\/newdealcm.com\/#website","url":"https:\/\/newdealcm.com\/","name":"Newdeal","description":"Votre Partenaire de Confiance pour des Solutions Innovantes","publisher":{"@id":"https:\/\/newdealcm.com\/#organization"},"potentialAction":[{"@type":"SearchAction","target":{"@type":"EntryPoint","urlTemplate":"https:\/\/newdealcm.com\/?s={search_term_string}"},"query-input":{"@type":"PropertyValueSpecification","valueRequired":true,"valueName":"search_term_string"}}],"inLanguage":"fr-FR"},{"@type":"Organization","@id":"https:\/\/newdealcm.com\/#organization","name":"Newdeal","url":"https:\/\/newdealcm.com\/","logo":{"@type":"ImageObject","inLanguage":"fr-FR","@id":"https:\/\/newdealcm.com\/#\/schema\/logo\/image\/","url":"https:\/\/newdealcm.com\/wp-content\/uploads\/2024\/04\/cropped-1.png","contentUrl":"https:\/\/newdealcm.com\/wp-content\/uploads\/2024\/04\/cropped-1.png","width":250,"height":250,"caption":"Newdeal"},"image":{"@id":"https:\/\/newdealcm.com\/#\/schema\/logo\/image\/"}}]}},"_links":{"self":[{"href":"https:\/\/newdealcm.com\/fr\/wp-json\/wp\/v2\/pages\/3375","targetHints":{"allow":["GET"]}}],"collection":[{"href":"https:\/\/newdealcm.com\/fr\/wp-json\/wp\/v2\/pages"}],"about":[{"href":"https:\/\/newdealcm.com\/fr\/wp-json\/wp\/v2\/types\/page"}],"author":[{"embeddable":true,"href":"https:\/\/newdealcm.com\/fr\/wp-json\/wp\/v2\/users\/1"}],"replies":[{"embeddable":true,"href":"https:\/\/newdealcm.com\/fr\/wp-json\/wp\/v2\/comments?post=3375"}],"version-history":[{"count":1,"href":"https:\/\/newdealcm.com\/fr\/wp-json\/wp\/v2\/pages\/3375\/revisions"}],"predecessor-version":[{"id":3414,"href":"https:\/\/newdealcm.com\/fr\/wp-json\/wp\/v2\/pages\/3375\/revisions\/3414"}],"wp:attachment":[{"href":"https:\/\/newdealcm.com\/fr\/wp-json\/wp\/v2\/media?parent=3375"}],"curies":[{"name":"wp","href":"https:\/\/api.w.org\/{rel}","templated":true}]}}