{"id":819,"date":"2021-10-07T05:14:25","date_gmt":"2021-10-07T05:14:25","guid":{"rendered":"https:\/\/themexriver.com\/wp\/fastrans\/?page_id=819"},"modified":"2024-05-14T10:09:34","modified_gmt":"2024-05-14T09:09:34","slug":"conseils","status":"publish","type":"page","link":"https:\/\/newdealcm.com\/en\/conseils\/","title":{"rendered":"Advice"},"content":{"rendered":"<div data-elementor-type=\"wp-page\" data-elementor-id=\"819\" class=\"elementor elementor-819\">\n\t\t\t\t\t\t<section class=\"elementor-section elementor-top-section elementor-element elementor-element-00a6dc4 elementor-section-full_width elementor-section-height-default elementor-section-height-default\" data-id=\"00a6dc4\" data-element_type=\"section\" data-e-type=\"section\">\n\t\t\t\t\t\t<div class=\"elementor-container elementor-column-gap-default\">\n\t\t\t\t\t<div class=\"elementor-column elementor-col-100 elementor-top-column elementor-element elementor-element-282a6f3\" data-id=\"282a6f3\" data-element_type=\"column\" data-e-type=\"column\">\n\t\t\t<div class=\"elementor-widget-wrap elementor-element-populated\">\n\t\t\t\t\t\t<div class=\"elementor-element elementor-element-7de0267 elementor-widget elementor-widget-fastrans_service_details\" data-id=\"7de0267\" data-element_type=\"widget\" data-e-type=\"widget\" data-widget_type=\"fastrans_service_details.default\">\n\t\t\t\t<div class=\"elementor-widget-container\">\n\t\t\t\t\t\t\n    <!-- Start of Service details section\n\t============================================= -->\n\t<section id=\"ft-service-details\" class=\"ft-service-details-section page-padding\">\n\t\t<div class=\"container\">\n\t\t\t<div class=\"ft-service-details-content\">\n\t\t\t\t<div class=\"row\">\n\t\t\t\t\t                    <div class=\"col-lg-4\">\n\t\t\t\t\t\t<div class=\"ft-service-sidebar\">\n                        \t<div id=\"fastrans_service_sidebar-1\" class=\"service-widget sidebar-widget widget_fastrans_service_sidebar\">\t\t\n        <!-- Instagram Widget -->\n        <div class=\"ft-service-sidebar-widget headline ul-li-block\">\n            <div class=\"service-category-widget\">\n                <h3 class=\"widget-title\">Services<\/h3>                <ul>\n\t\t\t\t        \n           \t<!-- Title -->\n                        <li><a href=\"https:\/\/newdealcm.com\/en\/negoce\/\">Trading<\/a><\/li>\n                        <li><a href=\"https:\/\/newdealcm.com\/en\/conseils\/\">Advice<\/a><\/li>\n                        <li><a href=\"https:\/\/newdealcm.com\/en\/representation\/\">Representation<\/a><\/li>\n                        <li><a href=\"https:\/\/newdealcm.com\/en\/services-prestations\/\">Services \/ Prestations<\/a><\/li>\n                        <li><a href=\"https:\/\/newdealcm.com\/en\/details-du-projet\/\">Building and public works (BTP)<\/a><\/li>\n                        <li><a href=\"https:\/\/newdealcm.com\/en\/import-export-supply-chain\/\">Import\/Export SUPPLY CHAIN<\/a><\/li>\n                            \n                        <\/ul>\n            <\/div>\n        <\/div>\n        \n        <\/div><div id=\"fastrans_support_form-1\" class=\"service-widget sidebar-widget widget_fastrans_support_form\">      \t\t\n\t\t\t<div class=\"ft-service-sidebar-widget headline ul-li-block\">\n                <div class=\"service-form-widget\">\n                    <h3 class=\"widget-title text-uppercase\">24\/7 ONLINE SUPPORT<\/h3>                                        <p>Get immediate quotes and shipping.<\/p>\n                                        \n<div class=\"wpcf7 no-js\" id=\"wpcf7-f514-o1\" lang=\"en-US\" dir=\"ltr\" data-wpcf7-id=\"514\">\n<div class=\"screen-reader-response\"><p role=\"status\" aria-live=\"polite\" aria-atomic=\"true\"><\/p> <ul><\/ul><\/div>\n<form action=\"\/en\/wp-json\/wp\/v2\/pages\/819#wpcf7-f514-o1\" method=\"post\" class=\"wpcf7-form init\" aria-label=\"Contact form\" novalidate=\"novalidate\" data-status=\"init\" data-trp-original-action=\"\/en\/wp-json\/wp\/v2\/pages\/819#wpcf7-f514-o1\">\n<fieldset class=\"hidden-fields-container\"><input type=\"hidden\" name=\"_wpcf7\" value=\"514\" \/><input type=\"hidden\" name=\"_wpcf7_version\" value=\"6.1.5\" \/><input type=\"hidden\" name=\"_wpcf7_locale\" value=\"en_US\" \/><input type=\"hidden\" name=\"_wpcf7_unit_tag\" value=\"wpcf7-f514-o1\" \/><input type=\"hidden\" name=\"_wpcf7_container_post\" value=\"0\" \/><input type=\"hidden\" name=\"_wpcf7_posted_data_hash\" value=\"\" \/><input type=\"hidden\" name=\"_wpcf7_recaptcha_response\" value=\"\" \/>\n<\/fieldset>\n<p><span class=\"wpcf7-form-control-wrap\" data-name=\"text-256\"><input size=\"40\" maxlength=\"400\" class=\"wpcf7-form-control wpcf7-text wpcf7-validates-as-required\" aria-required=\"true\" aria-invalid=\"false\" placeholder=\"Your name\" value=\"\" type=\"text\" name=\"text-256\" \/><\/span><br \/>\n<span class=\"wpcf7-form-control-wrap\" data-name=\"email-466\"><input size=\"40\" maxlength=\"400\" class=\"wpcf7-form-control wpcf7-email wpcf7-validates-as-required wpcf7-text wpcf7-validates-as-email\" aria-required=\"true\" aria-invalid=\"false\" placeholder=\"Email\" value=\"\" type=\"email\" name=\"email-466\" \/><\/span><br \/>\n<span class=\"wpcf7-form-control-wrap\" data-name=\"textarea-867\"><textarea cols=\"40\" rows=\"10\" maxlength=\"2000\" class=\"wpcf7-form-control wpcf7-textarea\" aria-invalid=\"false\" placeholder=\"Your question here\" name=\"textarea-867\"><\/textarea><\/span><br \/>\n<button>Contact now<\/button>\n<\/p><div class=\"wpcf7-response-output\" aria-hidden=\"true\"><\/div>\n<input type=\"hidden\" name=\"trp-form-language\" value=\"en\"\/><\/form>\n<\/div>\n                <\/div>\n            <\/div>\n              \n        <\/div><div id=\"fastrans_download_brochure-1\" class=\"service-widget sidebar-widget widget_fastrans_download_brochure\">      \t\t\n\t\t<div class=\"ft-service-sidebar-widget headline ul-li-block\">\n            <div class=\"service-download-widget\">\n                <h3 class=\"widget-title\">Download now<\/h3>                <ul>\n                                        <li><a target=\"_blank\" href=\"#\">Company Report -2021 <i class=\"far fa-file-pdf\"><\/i><\/a><\/li>\n                                                            <li><a target=\"_blank\" href=\"#\">Company Report -2022 <i class=\"far fa-file-pdf\"><\/i><\/a><\/li>\n                                    <\/ul>\n            <\/div>\n        <\/div>\n                             \n        <\/div>\t\t\t\t\t\t<\/div>\n\t\t\t\t\t<\/div>\n\t\t\t\t\t                    <div class=\"col-lg-8\">\n\t\t\t\t\t\t<div class=\"ft-service-details-content-wrapper headline pera-content\">\n\t\t\t\t\t\t\t<div class=\"ft-service-details-img-wrapper\">\n\t\t\t\t\t\t\t\t<div class=\"row\">\n\t\t\t\t\t\t\t\t\t                                    <div class=\"col-md-6\">\n\t\t\t\t\t\t\t\t\t\t<div class=\"ft-service-details-img\">\n\t\t\t\t\t\t\t\t\t\t\t<img decoding=\"async\" src=\"https:\/\/newdealcm.com\/wp-content\/uploads\/2024\/05\/01-1.jpg\" alt=\"Awesome Image\">\n\t\t\t\t\t\t\t\t\t\t<\/div>\n\t\t\t\t\t\t\t\t\t<\/div>\n                                                                        \t\t\t\t\t\t\t\t\t<div class=\"col-md-6\">\n\t\t\t\t\t\t\t\t\t\t                                        <div class=\"ft-service-details-img\">\n\t\t\t\t\t\t\t\t\t\t\t<img decoding=\"async\" src=\"https:\/\/newdealcm.com\/wp-content\/uploads\/2024\/05\/03.jpg\" alt=\"Awesome Image\">\n\t\t\t\t\t\t\t\t\t\t<\/div>\n                                                                                \t\t\t\t\t\t\t\t\t\t<div class=\"ft-service-details-img\">\n\t\t\t\t\t\t\t\t\t\t\t<img decoding=\"async\" src=\"https:\/\/newdealcm.com\/wp-content\/uploads\/2024\/05\/00.jpg\" alt=\"Awesome Image\">\n\t\t\t\t\t\t\t\t\t\t<\/div>\n                                        \t\t\t\t\t\t\t\t\t<\/div>\n                                    \t\t\t\t\t\t\t\t<\/div>\n\t\t\t\t\t\t\t<\/div>\n\t\t\t\t\t\t\t<div class=\"ft-service-details-text-wrapper\">\n\t\t\t\t\t\t\t\t<h3>Advice <\/h3> \t\t\t\t\t\t\t\t\n\t\t\t\t\t\t\t\t<p>We provide you with our advice in areas as varied as the skills of our experts, namely.<\/p><br>\n\n <li>Supply Chain &amp; Logistics <\/li>\n  <li>Finance (Management, Reporting, Processing of your Taxes, DSF, Business Plan, etc.) <\/li>\n  <li>Strategies (one of our biggest contributions is GulfCam) <\/li>\n  <li>Marketing <\/li>\n  <li>Suitable operating systems  <\/li>\n<br><br>\t\t\t\t\t\t\t\t\n\t\t\t\t\t\t\t\t\t\t\t\t\t\t\t\t                                \t\t\t\t\t\t\t\t    \t\n\t\t\t\t\t\t\t<\/div>\n\t\t\t\t\t\t<\/div>\n\t\t\t\t\t<\/div>\n\t\t\t\t<\/div>\n\t\t\t<\/div>\n\t\t<\/div>\n\t<\/section>\t\n\t<!-- End of Service details section\n\t============================================= -->\n    \n    \t\t\t\t<\/div>\n\t\t\t\t<\/div>\n\t\t\t\t\t<\/div>\n\t\t<\/div>\n\t\t\t\t\t<\/div>\n\t\t<\/section>\n\t\t\t\t<\/div>","protected":false},"excerpt":{"rendered":"<p>Services N\u00e9goce Conseils Repr\u00e9sentation Services \/ Prestations B\u00e2timent et travaux publics (BTP) Import\/Export SUPPLY CHAIN ASSISTANCE EN LIGNE 24h\/24 et 7j\/7 Obtenez des devis imm\u00e9diats et l&rsquo;exp\u00e9dition. Contacter maintenant T\u00e9l\u00e9charger maintenant Rapport d&rsquo;entreprise -2021 Rapport d&rsquo;entreprise -2022 Conseils Nous mettons \u00e0 votre disposition nos Conseils dans les domaines aussi vari\u00e9s que la comp\u00e9tence de nos [&hellip;]<\/p>\n","protected":false},"author":1,"featured_media":0,"parent":0,"menu_order":0,"comment_status":"closed","ping_status":"closed","template":"tpl-default-elementor.php","meta":{"_eb_attr":"","footnotes":""},"class_list":["post-819","page","type-page","status-publish","hentry"],"yoast_head":"<!-- This site is optimized with the Yoast SEO plugin v27.3 - https:\/\/yoast.com\/product\/yoast-seo-wordpress\/ -->\n<title>Conseils | Newdeal<\/title>\n<meta name=\"robots\" content=\"index, follow, max-snippet:-1, max-image-preview:large, max-video-preview:-1\" \/>\n<link rel=\"canonical\" href=\"https:\/\/newdealcm.com\/en\/conseils\/\" \/>\n<meta property=\"og:locale\" content=\"en_US\" \/>\n<meta property=\"og:type\" content=\"article\" \/>\n<meta property=\"og:title\" content=\"Conseils | Newdeal\" \/>\n<meta property=\"og:description\" content=\"Services N\u00e9goce Conseils Repr\u00e9sentation Services \/ Prestations B\u00e2timent et travaux publics (BTP) Import\/Export SUPPLY CHAIN ASSISTANCE EN LIGNE 24h\/24 et 7j\/7 Obtenez des devis imm\u00e9diats et l&rsquo;exp\u00e9dition. Contacter maintenant T\u00e9l\u00e9charger maintenant Rapport d&rsquo;entreprise -2021 Rapport d&rsquo;entreprise -2022 Conseils Nous mettons \u00e0 votre disposition nos Conseils dans les domaines aussi vari\u00e9s que la comp\u00e9tence de nos [&hellip;]\" \/>\n<meta property=\"og:url\" content=\"https:\/\/newdealcm.com\/en\/conseils\/\" \/>\n<meta property=\"og:site_name\" content=\"Newdeal\" \/>\n<meta property=\"article:modified_time\" content=\"2024-05-14T09:09:34+00:00\" \/>\n<meta property=\"og:image\" content=\"https:\/\/newdealcm.com\/wp-content\/uploads\/2024\/05\/01-1.jpg\" \/>\n<meta name=\"twitter:card\" content=\"summary_large_image\" \/>\n<meta name=\"twitter:label1\" content=\"Est. reading time\" \/>\n\t<meta name=\"twitter:data1\" content=\"2 minutes\" \/>\n<script type=\"application\/ld+json\" class=\"yoast-schema-graph\">{\"@context\":\"https:\\\/\\\/schema.org\",\"@graph\":[{\"@type\":\"WebPage\",\"@id\":\"https:\\\/\\\/newdealcm.com\\\/conseils\\\/\",\"url\":\"https:\\\/\\\/newdealcm.com\\\/conseils\\\/\",\"name\":\"Conseils | Newdeal\",\"isPartOf\":{\"@id\":\"https:\\\/\\\/newdealcm.com\\\/#website\"},\"primaryImageOfPage\":{\"@id\":\"https:\\\/\\\/newdealcm.com\\\/conseils\\\/#primaryimage\"},\"image\":{\"@id\":\"https:\\\/\\\/newdealcm.com\\\/conseils\\\/#primaryimage\"},\"thumbnailUrl\":\"https:\\\/\\\/newdealcm.com\\\/wp-content\\\/uploads\\\/2024\\\/05\\\/01-1.jpg\",\"datePublished\":\"2021-10-07T05:14:25+00:00\",\"dateModified\":\"2024-05-14T09:09:34+00:00\",\"breadcrumb\":{\"@id\":\"https:\\\/\\\/newdealcm.com\\\/conseils\\\/#breadcrumb\"},\"inLanguage\":\"en-US\",\"potentialAction\":[{\"@type\":\"ReadAction\",\"target\":[\"https:\\\/\\\/newdealcm.com\\\/conseils\\\/\"]}]},{\"@type\":\"ImageObject\",\"inLanguage\":\"en-US\",\"@id\":\"https:\\\/\\\/newdealcm.com\\\/conseils\\\/#primaryimage\",\"url\":\"https:\\\/\\\/newdealcm.com\\\/wp-content\\\/uploads\\\/2024\\\/05\\\/01-1.jpg\",\"contentUrl\":\"https:\\\/\\\/newdealcm.com\\\/wp-content\\\/uploads\\\/2024\\\/05\\\/01-1.jpg\"},{\"@type\":\"BreadcrumbList\",\"@id\":\"https:\\\/\\\/newdealcm.com\\\/conseils\\\/#breadcrumb\",\"itemListElement\":[{\"@type\":\"ListItem\",\"position\":1,\"name\":\"Accueil\",\"item\":\"https:\\\/\\\/newdealcm.com\\\/\"},{\"@type\":\"ListItem\",\"position\":2,\"name\":\"Conseils\"}]},{\"@type\":\"WebSite\",\"@id\":\"https:\\\/\\\/newdealcm.com\\\/#website\",\"url\":\"https:\\\/\\\/newdealcm.com\\\/\",\"name\":\"Newdeal\",\"description\":\"Votre Partenaire de Confiance pour des Solutions Innovantes\",\"publisher\":{\"@id\":\"https:\\\/\\\/newdealcm.com\\\/#organization\"},\"potentialAction\":[{\"@type\":\"SearchAction\",\"target\":{\"@type\":\"EntryPoint\",\"urlTemplate\":\"https:\\\/\\\/newdealcm.com\\\/?s={search_term_string}\"},\"query-input\":{\"@type\":\"PropertyValueSpecification\",\"valueRequired\":true,\"valueName\":\"search_term_string\"}}],\"inLanguage\":\"en-US\"},{\"@type\":\"Organization\",\"@id\":\"https:\\\/\\\/newdealcm.com\\\/#organization\",\"name\":\"Newdeal\",\"url\":\"https:\\\/\\\/newdealcm.com\\\/\",\"logo\":{\"@type\":\"ImageObject\",\"inLanguage\":\"en-US\",\"@id\":\"https:\\\/\\\/newdealcm.com\\\/#\\\/schema\\\/logo\\\/image\\\/\",\"url\":\"https:\\\/\\\/newdealcm.com\\\/wp-content\\\/uploads\\\/2024\\\/04\\\/cropped-1.png\",\"contentUrl\":\"https:\\\/\\\/newdealcm.com\\\/wp-content\\\/uploads\\\/2024\\\/04\\\/cropped-1.png\",\"width\":250,\"height\":250,\"caption\":\"Newdeal\"},\"image\":{\"@id\":\"https:\\\/\\\/newdealcm.com\\\/#\\\/schema\\\/logo\\\/image\\\/\"}}]}<\/script>\n<!-- \/ Yoast SEO plugin. -->","yoast_head_json":{"title":"Conseils | Newdeal","robots":{"index":"index","follow":"follow","max-snippet":"max-snippet:-1","max-image-preview":"max-image-preview:large","max-video-preview":"max-video-preview:-1"},"canonical":"https:\/\/newdealcm.com\/en\/conseils\/","og_locale":"en_US","og_type":"article","og_title":"Conseils | Newdeal","og_description":"Services N\u00e9goce Conseils Repr\u00e9sentation Services \/ Prestations B\u00e2timent et travaux publics (BTP) Import\/Export SUPPLY CHAIN ASSISTANCE EN LIGNE 24h\/24 et 7j\/7 Obtenez des devis imm\u00e9diats et l&rsquo;exp\u00e9dition. Contacter maintenant T\u00e9l\u00e9charger maintenant Rapport d&rsquo;entreprise -2021 Rapport d&rsquo;entreprise -2022 Conseils Nous mettons \u00e0 votre disposition nos Conseils dans les domaines aussi vari\u00e9s que la comp\u00e9tence de nos [&hellip;]","og_url":"https:\/\/newdealcm.com\/en\/conseils\/","og_site_name":"Newdeal","article_modified_time":"2024-05-14T09:09:34+00:00","og_image":[{"url":"https:\/\/newdealcm.com\/wp-content\/uploads\/2024\/05\/01-1.jpg","type":"","width":"","height":""}],"twitter_card":"summary_large_image","twitter_misc":{"Est. reading time":"2 minutes"},"schema":{"@context":"https:\/\/schema.org","@graph":[{"@type":"WebPage","@id":"https:\/\/newdealcm.com\/conseils\/","url":"https:\/\/newdealcm.com\/conseils\/","name":"Conseils | Newdeal","isPartOf":{"@id":"https:\/\/newdealcm.com\/#website"},"primaryImageOfPage":{"@id":"https:\/\/newdealcm.com\/conseils\/#primaryimage"},"image":{"@id":"https:\/\/newdealcm.com\/conseils\/#primaryimage"},"thumbnailUrl":"https:\/\/newdealcm.com\/wp-content\/uploads\/2024\/05\/01-1.jpg","datePublished":"2021-10-07T05:14:25+00:00","dateModified":"2024-05-14T09:09:34+00:00","breadcrumb":{"@id":"https:\/\/newdealcm.com\/conseils\/#breadcrumb"},"inLanguage":"en-US","potentialAction":[{"@type":"ReadAction","target":["https:\/\/newdealcm.com\/conseils\/"]}]},{"@type":"ImageObject","inLanguage":"en-US","@id":"https:\/\/newdealcm.com\/conseils\/#primaryimage","url":"https:\/\/newdealcm.com\/wp-content\/uploads\/2024\/05\/01-1.jpg","contentUrl":"https:\/\/newdealcm.com\/wp-content\/uploads\/2024\/05\/01-1.jpg"},{"@type":"BreadcrumbList","@id":"https:\/\/newdealcm.com\/conseils\/#breadcrumb","itemListElement":[{"@type":"ListItem","position":1,"name":"Accueil","item":"https:\/\/newdealcm.com\/"},{"@type":"ListItem","position":2,"name":"Conseils"}]},{"@type":"WebSite","@id":"https:\/\/newdealcm.com\/#website","url":"https:\/\/newdealcm.com\/","name":"Newdeal","description":"Votre Partenaire de Confiance pour des Solutions Innovantes","publisher":{"@id":"https:\/\/newdealcm.com\/#organization"},"potentialAction":[{"@type":"SearchAction","target":{"@type":"EntryPoint","urlTemplate":"https:\/\/newdealcm.com\/?s={search_term_string}"},"query-input":{"@type":"PropertyValueSpecification","valueRequired":true,"valueName":"search_term_string"}}],"inLanguage":"en-US"},{"@type":"Organization","@id":"https:\/\/newdealcm.com\/#organization","name":"Newdeal","url":"https:\/\/newdealcm.com\/","logo":{"@type":"ImageObject","inLanguage":"en-US","@id":"https:\/\/newdealcm.com\/#\/schema\/logo\/image\/","url":"https:\/\/newdealcm.com\/wp-content\/uploads\/2024\/04\/cropped-1.png","contentUrl":"https:\/\/newdealcm.com\/wp-content\/uploads\/2024\/04\/cropped-1.png","width":250,"height":250,"caption":"Newdeal"},"image":{"@id":"https:\/\/newdealcm.com\/#\/schema\/logo\/image\/"}}]}},"_links":{"self":[{"href":"https:\/\/newdealcm.com\/en\/wp-json\/wp\/v2\/pages\/819","targetHints":{"allow":["GET"]}}],"collection":[{"href":"https:\/\/newdealcm.com\/en\/wp-json\/wp\/v2\/pages"}],"about":[{"href":"https:\/\/newdealcm.com\/en\/wp-json\/wp\/v2\/types\/page"}],"author":[{"embeddable":true,"href":"https:\/\/newdealcm.com\/en\/wp-json\/wp\/v2\/users\/1"}],"replies":[{"embeddable":true,"href":"https:\/\/newdealcm.com\/en\/wp-json\/wp\/v2\/comments?post=819"}],"version-history":[{"count":1,"href":"https:\/\/newdealcm.com\/en\/wp-json\/wp\/v2\/pages\/819\/revisions"}],"predecessor-version":[{"id":3213,"href":"https:\/\/newdealcm.com\/en\/wp-json\/wp\/v2\/pages\/819\/revisions\/3213"}],"wp:attachment":[{"href":"https:\/\/newdealcm.com\/en\/wp-json\/wp\/v2\/media?parent=819"}],"curies":[{"name":"wp","href":"https:\/\/api.w.org\/{rel}","templated":true}]}}