{"id":1011,"date":"2021-10-08T06:06:28","date_gmt":"2021-10-08T06:06:28","guid":{"rendered":"https:\/\/themexriver.com\/wp\/fastrans\/?page_id=1011"},"modified":"2024-06-05T04:37:02","modified_gmt":"2024-06-05T03:37:02","slug":"contact","status":"publish","type":"page","link":"https:\/\/newdealcm.com\/en\/contact\/","title":{"rendered":"Contact"},"content":{"rendered":"<div data-elementor-type=\"wp-page\" data-elementor-id=\"1011\" class=\"elementor elementor-1011\">\n\t\t\t\t<div class=\"elementor-element elementor-element-d4fe9f9 e-flex e-con-boxed e-con e-parent\" data-id=\"d4fe9f9\" data-element_type=\"container\" data-e-type=\"container\">\n\t\t\t\t\t<div class=\"e-con-inner\">\n\t\t<div class=\"elementor-element elementor-element-d91f716 e-con-full e-flex e-con e-child\" data-id=\"d91f716\" data-element_type=\"container\" data-e-type=\"container\">\n\t\t\t\t<div class=\"elementor-element elementor-element-9db0b2a elementor-widget elementor-widget-heading\" data-id=\"9db0b2a\" data-element_type=\"widget\" data-e-type=\"widget\" data-widget_type=\"heading.default\">\n\t\t\t\t<div class=\"elementor-widget-container\">\n\t\t\t\t\t<h3 class=\"elementor-heading-title elementor-size-default\">Contact us<\/h3>\t\t\t\t<\/div>\n\t\t\t\t<\/div>\n\t\t\t\t<div class=\"elementor-element elementor-element-6e976dc elementor-widget elementor-widget-text-editor\" data-id=\"6e976dc\" data-element_type=\"widget\" data-e-type=\"widget\" data-widget_type=\"text-editor.default\">\n\t\t\t\t<div class=\"elementor-widget-container\">\n\t\t\t\t\t\t\t\t\t<p>Whether you need a tailor-made solution or would like to know more about our services, do not hesitate to contact us today. Our team is ready to answer all your questions and discuss how we can best help you achieve your goals.<\/p><p>\u00a0<\/p><p>Thank you for your interest in Newdeal Cameroon. We look forward to working with you to realize your most ambitious projects.<\/p><p>\u00a0<\/p><p>Sincerely,<\/p>\t\t\t\t\t\t\t\t<\/div>\n\t\t\t\t<\/div>\n\t\t\t\t<\/div>\n\t\t<div class=\"elementor-element elementor-element-e1e8f7d e-con-full e-flex e-con e-child\" data-id=\"e1e8f7d\" data-element_type=\"container\" data-e-type=\"container\">\n\t\t\t\t<div class=\"elementor-element elementor-element-1a0c338 elementor-widget elementor-widget-image\" data-id=\"1a0c338\" data-element_type=\"widget\" data-e-type=\"widget\" data-widget_type=\"image.default\">\n\t\t\t\t<div class=\"elementor-widget-container\">\n\t\t\t\t\t\t\t\t\t\t\t\t\t\t\t<img fetchpriority=\"high\" decoding=\"async\" width=\"525\" height=\"410\" src=\"https:\/\/newdealcm.com\/wp-content\/uploads\/2022\/12\/about-2.jpg\" class=\"attachment-large size-large wp-image-2240\" alt=\"\" srcset=\"https:\/\/newdealcm.com\/wp-content\/uploads\/2022\/12\/about-2.jpg 550w, https:\/\/newdealcm.com\/wp-content\/uploads\/2022\/12\/about-2-300x235.jpg 300w, https:\/\/newdealcm.com\/wp-content\/uploads\/2022\/12\/about-2-370x290.jpg 370w\" sizes=\"(max-width: 525px) 100vw, 525px\" \/>\t\t\t\t\t\t\t\t\t\t\t\t\t\t\t<\/div>\n\t\t\t\t<\/div>\n\t\t\t\t<\/div>\n\t\t\t\t\t<\/div>\n\t\t\t\t<\/div>\n\t\t\t\t<section class=\"elementor-section elementor-top-section elementor-element elementor-element-f31af09 elementor-section-full_width elementor-section-height-default elementor-section-height-default\" data-id=\"f31af09\" data-element_type=\"section\" data-e-type=\"section\">\n\t\t\t\t\t\t<div class=\"elementor-container elementor-column-gap-default\">\n\t\t\t\t\t<div class=\"elementor-column elementor-col-100 elementor-top-column elementor-element elementor-element-61d0157\" data-id=\"61d0157\" data-element_type=\"column\" data-e-type=\"column\">\n\t\t\t<div class=\"elementor-widget-wrap elementor-element-populated\">\n\t\t\t\t\t\t<div class=\"elementor-element elementor-element-4e7a4bb elementor-widget elementor-widget-fastrans_contact_us\" data-id=\"4e7a4bb\" data-element_type=\"widget\" data-e-type=\"widget\" data-widget_type=\"fastrans_contact_us.default\">\n\t\t\t\t<div class=\"elementor-widget-container\">\n\t\t\t\t\t\t\n    <!-- Start of contact page section\n\t============================================= -->\n\t<section id=\"ft-contact-page\" class=\"ft-contact-page-section page-padding\">\n\t\t<div class=\"container\">\n\t\t\t<div class=\"ft-contact-page-content\">\n\t\t\t\t<div class=\"row\">\n\t\t\t\t\t<div class=\"col-lg-6\">\n\t\t\t\t\t\t<div class=\"ft-contact-page-text-wrapper\">\n\t\t\t\t\t\t\t                            <div class=\"ft-contact-page-contact-info\">\n\t\t\t\t\t\t\t\t                                <div class=\"ft-contact-cta-items d-flex\">\n\t\t\t\t\t\t\t\t\t<div class=\"ft-contact-cta-icon d-flex align-items-center justify-content-center\">\n\t\t\t\t\t\t\t\t\t\t<i class=\"fal fa-map-marker-alt\"><\/i>\n\t\t\t\t\t\t\t\t\t<\/div>\n\t\t\t\t\t\t\t\t\t<div class=\"ft-contact-cta-text headline pera-content\">\n\t\t\t\t\t\t\t\t\t\t<h3>Office address<\/h3>\n\t\t\t\t\t\t\t\t\t\t<p>Bassa\nDouala - Cameroon<\/p>\t\t\t\t\t\t\t\t\t<\/div>\n\t\t\t\t\t\t\t\t<\/div>\n                                                                <div class=\"ft-contact-cta-items d-flex\">\n\t\t\t\t\t\t\t\t\t<div class=\"ft-contact-cta-icon d-flex align-items-center justify-content-center\">\n\t\t\t\t\t\t\t\t\t\t<i class=\"fal fa-phone-alt\"><\/i>\n\t\t\t\t\t\t\t\t\t<\/div>\n\t\t\t\t\t\t\t\t\t<div class=\"ft-contact-cta-text headline pera-content\">\n\t\t\t\t\t\t\t\t\t\t<h3>Phone number<\/h3>\n\t\t\t\t\t\t\t\t\t\t<p>(+237)  657320637\n    <\/p>\t\t\t\t\t\t\t\t\t\t<p>(  +237) 679535447<\/p>\t\t\t\t\t\t\t\t\t<\/div>\n\t\t\t\t\t\t\t\t<\/div>\n                                                                <div class=\"ft-contact-cta-items d-flex\">\n\t\t\t\t\t\t\t\t\t<div class=\"ft-contact-cta-icon d-flex align-items-center justify-content-center\">\n\t\t\t\t\t\t\t\t\t\t<i class=\"fal fa-mail-bulk\"><\/i>\n\t\t\t\t\t\t\t\t\t<\/div>\n\t\t\t\t\t\t\t\t\t<div class=\"ft-contact-cta-text headline pera-content\">\n\t\t\t\t\t\t\t\t\t\t<h3>Mail address<\/h3>\n\t\t\t\t\t\t\t\t\t\t<p>info@newdealcm.com<\/p>\t\t\t\t\t\t\t\t\t\t\n<p>gerard.momha@newdealcm.com<\/p>\n<p>gerard_olivier_m@hotmail.com<\/p>\n\t\t\t\t\t\t\t\t\t<\/div>\n\t\t\t\t\t\t\t\t<\/div>\n                                \t\t\t\t\t\t\t<\/div>\n\t\t\t\t\t\t<\/div>\n\t\t\t\t\t<\/div>\n\t\t\t\t\t<div class=\"col-lg-6\">\n\t\t\t\t\t\t<div class=\"ft-contact-page-form-wrapper headline\">\n\t\t\t\t\t\t\t<h3 class=\"text-center\">Get a quote<\/h3>                            \n<div class=\"wpcf7 no-js\" id=\"wpcf7-f1013-o1\" lang=\"en-US\" dir=\"ltr\" data-wpcf7-id=\"1013\">\n<div class=\"screen-reader-response\"><p role=\"status\" aria-live=\"polite\" aria-atomic=\"true\"><\/p> <ul><\/ul><\/div>\n<form action=\"\/en\/wp-json\/wp\/v2\/pages\/1011#wpcf7-f1013-o1\" method=\"post\" class=\"wpcf7-form init\" aria-label=\"Contact form\" novalidate=\"novalidate\" data-status=\"init\" data-trp-original-action=\"\/en\/wp-json\/wp\/v2\/pages\/1011#wpcf7-f1013-o1\">\n<fieldset class=\"hidden-fields-container\"><input type=\"hidden\" name=\"_wpcf7\" value=\"1013\" \/><input type=\"hidden\" name=\"_wpcf7_version\" value=\"6.1.5\" \/><input type=\"hidden\" name=\"_wpcf7_locale\" value=\"en_US\" \/><input type=\"hidden\" name=\"_wpcf7_unit_tag\" value=\"wpcf7-f1013-o1\" \/><input type=\"hidden\" name=\"_wpcf7_container_post\" value=\"0\" \/><input type=\"hidden\" name=\"_wpcf7_posted_data_hash\" value=\"\" \/><input type=\"hidden\" name=\"_wpcf7_recaptcha_response\" value=\"\" \/>\n<\/fieldset>\n<div class=\"row\">\n\t<div class=\"col-lg-6\">\n\t\t<p><span class=\"wpcf7-form-control-wrap\" data-name=\"text-475\"><input size=\"40\" maxlength=\"400\" class=\"wpcf7-form-control wpcf7-text wpcf7-validates-as-required\" aria-required=\"true\" aria-invalid=\"false\" placeholder=\"your name\" value=\"\" type=\"text\" name=\"text-475\" \/><\/span>\n\t\t<\/p>\n\t<\/div>\n\t<div class=\"col-lg-6\">\n\t\t<p><span class=\"wpcf7-form-control-wrap\" data-name=\"email-621\"><input size=\"40\" maxlength=\"400\" class=\"wpcf7-form-control wpcf7-email wpcf7-validates-as-required wpcf7-text wpcf7-validates-as-email\" aria-required=\"true\" aria-invalid=\"false\" placeholder=\"Email\" value=\"\" type=\"email\" name=\"email-621\" \/><\/span>\n\t\t<\/p>\n\t<\/div>\n\t<div class=\"col-lg-6\">\n\t\t<p><span class=\"wpcf7-form-control-wrap\" data-name=\"text-476\"><input size=\"40\" maxlength=\"400\" class=\"wpcf7-form-control wpcf7-text\" aria-invalid=\"false\" placeholder=\"Affiliation\" value=\"\" type=\"text\" name=\"text-476\" \/><\/span>\n\t\t<\/p>\n\t<\/div>\n\t<div class=\"col-lg-6\">\n\t\t<p><span class=\"wpcf7-form-control-wrap\" data-name=\"text-477\"><input size=\"40\" maxlength=\"400\" class=\"wpcf7-form-control wpcf7-text\" aria-invalid=\"false\" placeholder=\"Phone\" value=\"\" type=\"text\" name=\"text-477\" \/><\/span>\n\t\t<\/p>\n\t<\/div>\n<\/div>\n<div class=\"col-lg-12\">\n\t<p><span class=\"wpcf7-form-control-wrap\" data-name=\"textarea-527\"><textarea cols=\"40\" rows=\"10\" maxlength=\"2000\" class=\"wpcf7-form-control wpcf7-textarea\" aria-invalid=\"false\" placeholder=\"Your message\" name=\"textarea-527\"><\/textarea><\/span>\n\t<\/p>\n<\/div>\n<p><span class=\"wpcf7-form-control-wrap\" data-name=\"acceptance-91\"><span class=\"wpcf7-form-control wpcf7-acceptance\"><span class=\"wpcf7-list-item\"><label><input type=\"checkbox\" name=\"acceptance-91\" value=\"1\" aria-invalid=\"false\" \/><span class=\"wpcf7-list-item-label\">Clicquer sur cette case svp!!<\/span><\/label><\/span><\/span><\/span>\n<\/p>\n<div class=\"col-lg-12\">\n\t<p><button> Make an appointment<\/button>\n\t<\/p>\n<\/div>\n<div class=\"wpcf7-response-output\" aria-hidden=\"true\"><\/div>\n<input type=\"hidden\" name=\"trp-form-language\" value=\"en\"\/><\/form>\n<\/div>\n\t\t\t\t\t\t<\/div>\n\t\t\t\t\t<\/div>\n\t\t\t\t<\/div>\n\t\t\t<\/div>\n\t\t<\/div>\n\t<\/section>\t\t\n\t<!-- End of contact page section\n\t============================================= -->\n\t\t\n    \t\t\t\t<\/div>\n\t\t\t\t<\/div>\n\t\t\t\t\t<\/div>\n\t\t<\/div>\n\t\t\t\t\t<\/div>\n\t\t<\/section>\n\t\t<div class=\"elementor-element elementor-element-5fb4cfc e-con-full e-flex e-con e-parent\" data-id=\"5fb4cfc\" data-element_type=\"container\" data-e-type=\"container\">\n\t\t\t\t<div class=\"elementor-element elementor-element-00dec36 elementor-widget elementor-widget-google_maps\" data-id=\"00dec36\" data-element_type=\"widget\" data-e-type=\"widget\" data-widget_type=\"google_maps.default\">\n\t\t\t\t<div class=\"elementor-widget-container\">\n\t\t\t\t\t\t\t<div class=\"elementor-custom-embed\">\n\t\t\t<iframe loading=\"lazy\"\n\t\t\t\t\tsrc=\"https:\/\/maps.google.com\/maps?q=Beedi%2CDouala%2CCameroun&#038;t=m&#038;z=10&#038;output=embed&#038;iwloc=near\"\n\t\t\t\t\ttitle=\"Beedi,Douala,Cameroon\"\n\t\t\t\t\taria-label=\"Beedi,Douala,Cameroon\"\n\t\t\t><\/iframe>\n\t\t<\/div>\n\t\t\t\t\t\t<\/div>\n\t\t\t\t<\/div>\n\t\t\t\t<\/div>\n\t\t\t\t<\/div>","protected":false},"excerpt":{"rendered":"<p>Contactez-nous Que vous ayez besoin d&rsquo;une solution sur mesure ou que vous souhaitiez en savoir plus sur nos services, n&rsquo;h\u00e9sitez pas \u00e0 nous contacter d\u00e8s aujourd&rsquo;hui. Notre \u00e9quipe est pr\u00eate \u00e0 r\u00e9pondre \u00e0 toutes vos questions et \u00e0 discuter de la meilleure fa\u00e7on dont nous pouvons vous aider \u00e0 atteindre vos objectifs. \u00a0 Merci de [&hellip;]<\/p>\n","protected":false},"author":1,"featured_media":0,"parent":0,"menu_order":0,"comment_status":"closed","ping_status":"closed","template":"tpl-default-elementor.php","meta":{"_eb_attr":"","footnotes":""},"class_list":["post-1011","page","type-page","status-publish","hentry"],"yoast_head":"<!-- This site is optimized with the Yoast SEO plugin v27.4 - https:\/\/yoast.com\/product\/yoast-seo-wordpress\/ -->\n<title>Contact | Newdeal<\/title>\n<meta name=\"robots\" content=\"index, follow, max-snippet:-1, max-image-preview:large, max-video-preview:-1\" \/>\n<link rel=\"canonical\" href=\"https:\/\/newdealcm.com\/en\/contact\/\" \/>\n<meta property=\"og:locale\" content=\"en_US\" \/>\n<meta property=\"og:type\" content=\"article\" \/>\n<meta property=\"og:title\" content=\"Contact | Newdeal\" \/>\n<meta property=\"og:description\" content=\"Contactez-nous Que vous ayez besoin d&rsquo;une solution sur mesure ou que vous souhaitiez en savoir plus sur nos services, n&rsquo;h\u00e9sitez pas \u00e0 nous contacter d\u00e8s aujourd&rsquo;hui. Notre \u00e9quipe est pr\u00eate \u00e0 r\u00e9pondre \u00e0 toutes vos questions et \u00e0 discuter de la meilleure fa\u00e7on dont nous pouvons vous aider \u00e0 atteindre vos objectifs. \u00a0 Merci de [&hellip;]\" \/>\n<meta property=\"og:url\" content=\"https:\/\/newdealcm.com\/en\/contact\/\" \/>\n<meta property=\"og:site_name\" content=\"Newdeal\" \/>\n<meta property=\"article:modified_time\" content=\"2024-06-05T03:37:02+00:00\" \/>\n<meta property=\"og:image\" content=\"https:\/\/newdealcm.com\/wp-content\/uploads\/2022\/12\/about-2.jpg\" \/>\n<meta name=\"twitter:card\" content=\"summary_large_image\" \/>\n<meta name=\"twitter:label1\" content=\"Est. reading time\" \/>\n\t<meta name=\"twitter:data1\" content=\"1 minute\" \/>\n<script type=\"application\/ld+json\" class=\"yoast-schema-graph\">{\"@context\":\"https:\\\/\\\/schema.org\",\"@graph\":[{\"@type\":\"WebPage\",\"@id\":\"https:\\\/\\\/newdealcm.com\\\/contact\\\/\",\"url\":\"https:\\\/\\\/newdealcm.com\\\/contact\\\/\",\"name\":\"Contact | Newdeal\",\"isPartOf\":{\"@id\":\"https:\\\/\\\/newdealcm.com\\\/#website\"},\"primaryImageOfPage\":{\"@id\":\"https:\\\/\\\/newdealcm.com\\\/contact\\\/#primaryimage\"},\"image\":{\"@id\":\"https:\\\/\\\/newdealcm.com\\\/contact\\\/#primaryimage\"},\"thumbnailUrl\":\"https:\\\/\\\/newdealcm.com\\\/wp-content\\\/uploads\\\/2022\\\/12\\\/about-2.jpg\",\"datePublished\":\"2021-10-08T06:06:28+00:00\",\"dateModified\":\"2024-06-05T03:37:02+00:00\",\"breadcrumb\":{\"@id\":\"https:\\\/\\\/newdealcm.com\\\/contact\\\/#breadcrumb\"},\"inLanguage\":\"en-US\",\"potentialAction\":[{\"@type\":\"ReadAction\",\"target\":[\"https:\\\/\\\/newdealcm.com\\\/contact\\\/\"]}]},{\"@type\":\"ImageObject\",\"inLanguage\":\"en-US\",\"@id\":\"https:\\\/\\\/newdealcm.com\\\/contact\\\/#primaryimage\",\"url\":\"https:\\\/\\\/newdealcm.com\\\/wp-content\\\/uploads\\\/2022\\\/12\\\/about-2.jpg\",\"contentUrl\":\"https:\\\/\\\/newdealcm.com\\\/wp-content\\\/uploads\\\/2022\\\/12\\\/about-2.jpg\"},{\"@type\":\"BreadcrumbList\",\"@id\":\"https:\\\/\\\/newdealcm.com\\\/contact\\\/#breadcrumb\",\"itemListElement\":[{\"@type\":\"ListItem\",\"position\":1,\"name\":\"Accueil\",\"item\":\"https:\\\/\\\/newdealcm.com\\\/\"},{\"@type\":\"ListItem\",\"position\":2,\"name\":\"Contact\"}]},{\"@type\":\"WebSite\",\"@id\":\"https:\\\/\\\/newdealcm.com\\\/#website\",\"url\":\"https:\\\/\\\/newdealcm.com\\\/\",\"name\":\"Newdeal\",\"description\":\"Votre Partenaire de Confiance pour des Solutions Innovantes\",\"publisher\":{\"@id\":\"https:\\\/\\\/newdealcm.com\\\/#organization\"},\"potentialAction\":[{\"@type\":\"SearchAction\",\"target\":{\"@type\":\"EntryPoint\",\"urlTemplate\":\"https:\\\/\\\/newdealcm.com\\\/?s={search_term_string}\"},\"query-input\":{\"@type\":\"PropertyValueSpecification\",\"valueRequired\":true,\"valueName\":\"search_term_string\"}}],\"inLanguage\":\"en-US\"},{\"@type\":\"Organization\",\"@id\":\"https:\\\/\\\/newdealcm.com\\\/#organization\",\"name\":\"Newdeal\",\"url\":\"https:\\\/\\\/newdealcm.com\\\/\",\"logo\":{\"@type\":\"ImageObject\",\"inLanguage\":\"en-US\",\"@id\":\"https:\\\/\\\/newdealcm.com\\\/#\\\/schema\\\/logo\\\/image\\\/\",\"url\":\"https:\\\/\\\/newdealcm.com\\\/wp-content\\\/uploads\\\/2024\\\/04\\\/cropped-1.png\",\"contentUrl\":\"https:\\\/\\\/newdealcm.com\\\/wp-content\\\/uploads\\\/2024\\\/04\\\/cropped-1.png\",\"width\":250,\"height\":250,\"caption\":\"Newdeal\"},\"image\":{\"@id\":\"https:\\\/\\\/newdealcm.com\\\/#\\\/schema\\\/logo\\\/image\\\/\"}}]}<\/script>\n<!-- \/ Yoast SEO plugin. -->","yoast_head_json":{"title":"Contact | Newdeal","robots":{"index":"index","follow":"follow","max-snippet":"max-snippet:-1","max-image-preview":"max-image-preview:large","max-video-preview":"max-video-preview:-1"},"canonical":"https:\/\/newdealcm.com\/en\/contact\/","og_locale":"en_US","og_type":"article","og_title":"Contact | Newdeal","og_description":"Contactez-nous Que vous ayez besoin d&rsquo;une solution sur mesure ou que vous souhaitiez en savoir plus sur nos services, n&rsquo;h\u00e9sitez pas \u00e0 nous contacter d\u00e8s aujourd&rsquo;hui. Notre \u00e9quipe est pr\u00eate \u00e0 r\u00e9pondre \u00e0 toutes vos questions et \u00e0 discuter de la meilleure fa\u00e7on dont nous pouvons vous aider \u00e0 atteindre vos objectifs. \u00a0 Merci de [&hellip;]","og_url":"https:\/\/newdealcm.com\/en\/contact\/","og_site_name":"Newdeal","article_modified_time":"2024-06-05T03:37:02+00:00","og_image":[{"url":"https:\/\/newdealcm.com\/wp-content\/uploads\/2022\/12\/about-2.jpg","type":"","width":"","height":""}],"twitter_card":"summary_large_image","twitter_misc":{"Est. reading time":"1 minute"},"schema":{"@context":"https:\/\/schema.org","@graph":[{"@type":"WebPage","@id":"https:\/\/newdealcm.com\/contact\/","url":"https:\/\/newdealcm.com\/contact\/","name":"Contact | Newdeal","isPartOf":{"@id":"https:\/\/newdealcm.com\/#website"},"primaryImageOfPage":{"@id":"https:\/\/newdealcm.com\/contact\/#primaryimage"},"image":{"@id":"https:\/\/newdealcm.com\/contact\/#primaryimage"},"thumbnailUrl":"https:\/\/newdealcm.com\/wp-content\/uploads\/2022\/12\/about-2.jpg","datePublished":"2021-10-08T06:06:28+00:00","dateModified":"2024-06-05T03:37:02+00:00","breadcrumb":{"@id":"https:\/\/newdealcm.com\/contact\/#breadcrumb"},"inLanguage":"en-US","potentialAction":[{"@type":"ReadAction","target":["https:\/\/newdealcm.com\/contact\/"]}]},{"@type":"ImageObject","inLanguage":"en-US","@id":"https:\/\/newdealcm.com\/contact\/#primaryimage","url":"https:\/\/newdealcm.com\/wp-content\/uploads\/2022\/12\/about-2.jpg","contentUrl":"https:\/\/newdealcm.com\/wp-content\/uploads\/2022\/12\/about-2.jpg"},{"@type":"BreadcrumbList","@id":"https:\/\/newdealcm.com\/contact\/#breadcrumb","itemListElement":[{"@type":"ListItem","position":1,"name":"Accueil","item":"https:\/\/newdealcm.com\/"},{"@type":"ListItem","position":2,"name":"Contact"}]},{"@type":"WebSite","@id":"https:\/\/newdealcm.com\/#website","url":"https:\/\/newdealcm.com\/","name":"Newdeal","description":"Votre Partenaire de Confiance pour des Solutions Innovantes","publisher":{"@id":"https:\/\/newdealcm.com\/#organization"},"potentialAction":[{"@type":"SearchAction","target":{"@type":"EntryPoint","urlTemplate":"https:\/\/newdealcm.com\/?s={search_term_string}"},"query-input":{"@type":"PropertyValueSpecification","valueRequired":true,"valueName":"search_term_string"}}],"inLanguage":"en-US"},{"@type":"Organization","@id":"https:\/\/newdealcm.com\/#organization","name":"Newdeal","url":"https:\/\/newdealcm.com\/","logo":{"@type":"ImageObject","inLanguage":"en-US","@id":"https:\/\/newdealcm.com\/#\/schema\/logo\/image\/","url":"https:\/\/newdealcm.com\/wp-content\/uploads\/2024\/04\/cropped-1.png","contentUrl":"https:\/\/newdealcm.com\/wp-content\/uploads\/2024\/04\/cropped-1.png","width":250,"height":250,"caption":"Newdeal"},"image":{"@id":"https:\/\/newdealcm.com\/#\/schema\/logo\/image\/"}}]}},"_links":{"self":[{"href":"https:\/\/newdealcm.com\/en\/wp-json\/wp\/v2\/pages\/1011","targetHints":{"allow":["GET"]}}],"collection":[{"href":"https:\/\/newdealcm.com\/en\/wp-json\/wp\/v2\/pages"}],"about":[{"href":"https:\/\/newdealcm.com\/en\/wp-json\/wp\/v2\/types\/page"}],"author":[{"embeddable":true,"href":"https:\/\/newdealcm.com\/en\/wp-json\/wp\/v2\/users\/1"}],"replies":[{"embeddable":true,"href":"https:\/\/newdealcm.com\/en\/wp-json\/wp\/v2\/comments?post=1011"}],"version-history":[{"count":2,"href":"https:\/\/newdealcm.com\/en\/wp-json\/wp\/v2\/pages\/1011\/revisions"}],"predecessor-version":[{"id":3527,"href":"https:\/\/newdealcm.com\/en\/wp-json\/wp\/v2\/pages\/1011\/revisions\/3527"}],"wp:attachment":[{"href":"https:\/\/newdealcm.com\/en\/wp-json\/wp\/v2\/media?parent=1011"}],"curies":[{"name":"wp","href":"https:\/\/api.w.org\/{rel}","templated":true}]}}